{"id":24,"date":"2014-04-09T17:07:20","date_gmt":"2014-04-09T17:07:20","guid":{"rendered":"http:\/\/inpact-psychologyconference.org\/?page_id=24"},"modified":"2016-02-15T14:58:04","modified_gmt":"2016-02-15T14:58:04","slug":"scientific-committee","status":"publish","type":"page","link":"http:\/\/inpact-psychologyconference.org\/2016\/scientific-committee\/","title":{"rendered":"Scientific Committee"},"content":{"rendered":"<p>&nbsp;<\/p>\n<p style=\"text-align: justify;\"><span style=\"color: #ff6600;\"><strong>Conference and Program Co-Chairs<\/strong><\/span><\/p>\n<p style=\"text-align: justify;\"><strong>Prof. Clara Pracana<\/strong><br \/>\nFull and Training member of the Portuguese Association of Psychoanalysis and Psychoanalytic Psychotherapy, Portugal<\/p>\n<p style=\"text-align: justify;\"><strong>Prof.\u00a0Michael Wang<\/strong><br \/>\nEmeritus Professor of Clinical Psychology, University of Leicester, United Kingdom<\/p>\n<p>&nbsp;<\/p>\n<p style=\"text-align: justify;\"><span style=\"color: #ff6600;\"><strong>International Scientific Committee<\/strong><\/span><\/p>\n<p style=\"text-align: justify;\">Abdulqawi Salim Alzubaidi, Sultan Qaboos University, Oman<br \/>\nAbraham A. Argun, Argun Affiliated Psychological Services, USA<br \/>\nAc\u00e1cia Santos, S\u00e3o Francisco University, Brazil<br \/>\nAdilia Silva, Independent Researcher\/Clinician, South Africa<br \/>\nAdriana Baban, Babes-Bolyai University, Romania<br \/>\nAdriane Roso, Universidade Federal de Santa Maria \u2013 UFSM, Brazil<br \/>\nAlessio Avenanti, Universit\u00e0 di Bologna, Italy<br \/>\nAli Kemal Tekin, Sultan Qaboos University, Oman<br \/>\nAlois Ghergut, University Alexandru Ioan Cuza from Iasi, Romania<br \/>\nAndr\u00e9 Francisco Pilon, University of S\u00e3o Paulo, Brazil<br \/>\nAndrea Guazzini, University of Florence, Italy<br \/>\nAndreja Bubic, University of Split, Croatia<br \/>\nAnna Alexandrova-Karamanova, Institute for Population and Human Studies \u2013 BAS, Bulgaria<br \/>\nAntonio Aiello, University of Pisa, Italy<br \/>\nAssunta Marano, Themis Research Centre; University of Aquila, Italy<br \/>\nAtmane Ikhlef, Qatar University, Qatar<br \/>\nAukse Endriulaitiene, Vytautas Magnus University, Lithuania<br \/>\nAurora Adina Colomeischi, Stefan cel Mare University, Romania<br \/>\nAvo-Rein Tereping, Tallinn University, Estonia<br \/>\nAyse Karanci, Middle East Technical University, Turkey<br \/>\nAyse Esra Aslan, Istanbul University, Turkey<br \/>\nBeata Kunat, University of Bia\u0142ystok, Poland<br \/>\nBinnur Yesilyaprak, Ankara University, Turkey<br \/>\nBrij Mohan, Louisiana State University, USA<br \/>\nCecilia Cheng, University of Hong Kong, Hong Kong<br \/>\nChris McVittie, Queen Margaret University, United Kingdom<br \/>\nClaire Metz, University of Strasbourg, France<br \/>\nClaudio Sica, University of Firenze, Italy<br \/>\nDavid Aparisi, Universidad de Alicante, Spain<br \/>\nDeborah Wooldridge, Bowling Green State University, USA<br \/>\nDiego Lasio, University of Cagliari, Italy<br \/>\nDweep Chand Singh, Aibhas, Amity University Uttar Pradesh, Noida, India<br \/>\nEda Kargi, East Mediterrannean University, Cyprus<br \/>\nEdith Galy, Aix-Marseille University, France<br \/>\nEdwiges\u00a0Silvares,\u00a0University of S\u00e3o Paulo,\u00a0Brazil<br \/>\nEdwin Herazo, Human Behavioral Research Institute, Colombia<br \/>\nElena Levchenko, Perm State University, Russia<br \/>\nEleni Petkari, Middlesex University Dubai, United Arab Emirates<br \/>\nEmel Kuruoglu, Dokuz Eylul University, Turkey<br \/>\nEmerson Rasera, Federal University of Uberlandia, Brazil<br \/>\nEva Hofmann , University of Vienna, Austria<br \/>\nEva Sollarova, Constantine The Philosopher University, Slovakia<br \/>\nEwa Mortberg, Stockholm University, Sweden<br \/>\nFabio Madeddu, University of Milan \u2013 Bicocca, Italy<br \/>\nFotios Anagnostopoulos, Panteion University of Social &amp; Political Sciences, Greece<br \/>\nGianluca Serafini, Sapienza, University of Rome, Italy<br \/>\nGilberto Safra, University of S\u00e3o Paulo, Brazil<br \/>\nGordana Jovanovic, University of Belgrade, Serbia<br \/>\nGreta Defeyter, Northumbria University, United Kingdom<br \/>\nGrzegorz Pochwatko, Polish Academy of Sciences, Poland<br \/>\nGustavo Martineli Massola, University of S\u00e3o Paulo, Brazil<br \/>\nHelena Klimusov\u00e1, Masaryk University, Czech Republic<br \/>\nHenry Grubb, University of Dubuque, USA<br \/>\nHossein Kareshki, Ferdowsi University of Mashhad, Iran<br \/>\nIgor Menezes, Federal University of Bahia, Brazil<br \/>\nIsabella Corradini, Themis Research Centre, Italy<br \/>\nIsabella Mcmurray, University of Bedfordshire, United Kingdom<br \/>\nJ. Martin Ramirez, Universidad Nebrija and Stanford University, Spain<br \/>\nJakob Pietschnig, University of Vienna, Austria<br \/>\nJanina Uszynska-Jarmoc, University of Bialystok, Poland<br \/>\nJesus de La Fuente Arias, University of Almeria, Spain<br \/>\nJoanne Dickson, University of Liverpool, United Kingdom<br \/>\nKamlesh Singh, Indian Institute of Technology Delhi, India<br \/>\nKatherine Makarec, William Paterson University, USA<br \/>\nKathleen Tait, Macquarie University, Australia<br \/>\nLaura Vilela E. Souza, Universidade de S\u00e3o Paulo, Brazil<br \/>\nLawrence T. Lam, The University of Technology Sydney, Australia<br \/>\nLenka Kollerov\u00e1, Academy of Sciences of the Czech Republic, Czech Republic<br \/>\nLilly Both, University of New Brunswick in Saint John, Canada<br \/>\nLisa Best, University of New Brunswick, Canada<br \/>\nLoreta Buksnyte-Marmiene, Vytautas Magnus University, Lithuania<br \/>\nLuciana Kind, Pontifical Catholic University of Minas Gerais, Brazil<br \/>\nLuisa Puddu, University of Florence, Italy<br \/>\nLynda Hyland, Middlesex University Dubai, United Arab Emirates<br \/>\nMarcello Nonnis, University of Cagliari, Italy<br \/>\nMarcelo F. Costa, University of S\u00e3o Paulo, Brazil<br \/>\nMarco Vassallo, Council For Agricultural Research and Economics (CREA), Italy<br \/>\nMargit H\u00f6fler, University of Graz, Austria<br \/>\nMartin Eisemann, Tromso University, Norway<br \/>\nMary Ivers, All Hallows College, Ireland<br \/>\nMichael Zeiler, Ludwig Boltzmann Institute Health Promotion Research, Austria<br \/>\nMohammad Hakami, Islamic Azad University-Karaj Branch, Iran<br \/>\nNaved Iqbal, Jamia Millia Islamia, India<br \/>\nNeala Ambrosi-Randic, Juraj Dobrila University of Pula, Croatia<br \/>\nNuria Carriedo, UNED. Universidad Nacional de Educaci\u00f3n a Distancia, Spain<br \/>\nOlga Deyneka, St. Petersburg State University, Russia<br \/>\nOlga Orosova, Pavol Jozef \u0160af\u00e1rik University in Ko\u0161ice, Slovakia<br \/>\nOmar Rahman, University of South Florida, Usa<br \/>\nOrtrun Reidick, O&amp;P Consult GmbH, Germany<br \/>\nOtilia Clipa, Stefan cel Mare University, Romania<br \/>\nOvidiu\u00a0Gavrilovici,\u00a0University Alexandru Ioan Cuza,\u00a0Romania<br \/>\nPaolo Valerio, Naples University Federico II, Italy<br \/>\nPatricia Roberts, University of Bedfordshire, United Kingdom<br \/>\nPatrizia Meringolo, Universit\u00e0 degli Studi di Firenze, Italy<br \/>\nPlamen Dimitrov, The Bulgarian Psychological Society, Bulgaria<br \/>\nRivka Tuval-Mashiach, Bar-Ilan University, Israel<br \/>\nRonald Hambleton, University of Massachusetts, USA<br \/>\nRosalba Raffagnino, Florence University, Italy<br \/>\nSharo (Shahrokh) Shafaie, Southeast Missouri State University, USA<br \/>\nShulamith Kreitler, Tel-Aviv University, Israel<br \/>\nSilvia Cimino, Sapienza University of Rome, Italy<br \/>\nSuppiah Nachiappan, Sultan Idris Education University, Malaysia<br \/>\nSuzie Savvidou, The University of Sheffield, Greece<br \/>\nSylvia Kwok, City University of Hong Kong, China<br \/>\nTali Heiman, The Open University of Israel, Israel<br \/>\nTorun\u00a0Lindholm,\u00a0Stockholm University,\u00a0Sweden<br \/>\nVictor Martinelli, University of Malta, Malta<br \/>\nVittore Perruci, Universit\u00e0 della Valle d\u2019Aosta, Italy<br \/>\nWouter Vanderplasschen, Ghent University, Belgium<br \/>\nYonghui Wang, Shaanxi Normal University, China<br \/>\nZoe Bablekou, Aristotle University of Thessaloniki, Greece<br \/>\nZvjezdan Penezic, University of Zadar, Croatia<\/p>\n<p>&nbsp;<\/p>\n","protected":false},"excerpt":{"rendered":"<p>&nbsp; Conference and Program Co-Chairs Prof. Clara Pracana Full and Training member of the Portuguese Association of Psychoanalysis and Psychoanalytic Psychotherapy, Portugal Prof.\u00a0Michael Wang Emeritus Professor of Clinical Psychology, University of Leicester, United Kingdom &nbsp; International Scientific Committee Abdulqawi Salim Alzubaidi, Sultan Qaboos University, Oman Abraham A. Argun, Argun Affiliated Psychological Services, USA Ac\u00e1cia Santos, [&hellip;]<\/p>\n","protected":false},"author":1,"featured_media":0,"parent":0,"menu_order":0,"comment_status":"closed","ping_status":"open","template":"","meta":{"footnotes":""},"class_list":["post-24","page","type-page","status-publish","hentry"],"jetpack_sharing_enabled":true,"jetpack_shortlink":"https:\/\/wp.me\/P4wzfb-o","jetpack_likes_enabled":true,"_links":{"self":[{"href":"http:\/\/inpact-psychologyconference.org\/2016\/wp-json\/wp\/v2\/pages\/24","targetHints":{"allow":["GET"]}}],"collection":[{"href":"http:\/\/inpact-psychologyconference.org\/2016\/wp-json\/wp\/v2\/pages"}],"about":[{"href":"http:\/\/inpact-psychologyconference.org\/2016\/wp-json\/wp\/v2\/types\/page"}],"author":[{"embeddable":true,"href":"http:\/\/inpact-psychologyconference.org\/2016\/wp-json\/wp\/v2\/users\/1"}],"replies":[{"embeddable":true,"href":"http:\/\/inpact-psychologyconference.org\/2016\/wp-json\/wp\/v2\/comments?post=24"}],"version-history":[{"count":50,"href":"http:\/\/inpact-psychologyconference.org\/2016\/wp-json\/wp\/v2\/pages\/24\/revisions"}],"predecessor-version":[{"id":1323,"href":"http:\/\/inpact-psychologyconference.org\/2016\/wp-json\/wp\/v2\/pages\/24\/revisions\/1323"}],"wp:attachment":[{"href":"http:\/\/inpact-psychologyconference.org\/2016\/wp-json\/wp\/v2\/media?parent=24"}],"curies":[{"name":"wp","href":"https:\/\/api.w.org\/{rel}","templated":true}]}}