{"id":24,"date":"2014-04-09T17:07:20","date_gmt":"2014-04-09T17:07:20","guid":{"rendered":"http:\/\/inpact-psychologyconference.org\/?page_id=24"},"modified":"2017-04-20T11:12:54","modified_gmt":"2017-04-20T11:12:54","slug":"scientific-committee","status":"publish","type":"page","link":"http:\/\/inpact-psychologyconference.org\/2017\/scientific-committee\/","title":{"rendered":"Scientific Committee"},"content":{"rendered":"<p>&nbsp;<\/p>\n<p style=\"text-align: justify;\"><span style=\"color: #ff6600;\"><strong>Conference and Program Co-Chairs<\/strong><\/span><\/p>\n<p style=\"text-align: justify;\"><strong>Clara Pracana<\/strong><br \/>\nFull and Training member of the Portuguese Association of Psychoanalysis and Psychoanalytic Psychotherapy, Portugal<\/p>\n<p style=\"text-align: justify;\"><strong>Michael Wang<\/strong><br \/>\nEmeritus Professor of Clinical Psychology, University of Leicester, United Kingdom<\/p>\n<p>&nbsp;<\/p>\n<p style=\"text-align: justify;\"><span style=\"color: #ff6600;\"><strong>International Scientific Committee<\/strong><\/span><\/p>\n<p style=\"text-align: justify;\">A. Nuray\u00a0Karanci,\u00a0Middle East Technical University,\u00a0Turkey<br \/>\nAbdulqawi Salim Alzubaidi, Sultan Qaboos University, Oman<br \/>\nAbraham A. Argun, Argun Affiliated Psychological Services, USA<br \/>\nAc\u00e1cia Santos, S\u00e3o Francisco University, Brazil<br \/>\nAdilia Silva, Independent Researcher\/Clinician, South Africa<br \/>\nAdriana Baban, Babes-Bolyai University, Romania<br \/>\nAdriane Roso, Universidade Federal de Santa Maria \u2013 UFSM, Brazil<br \/>\nAlessio Avenanti, Universit\u00e0 di Bologna, Italy<br \/>\nAli Kemal Tekin, Sultan Qaboos University, Oman<br \/>\nAlipio\u00a0S\u00e1nchez Vidal,\u00a0University of Barcelona,\u00a0Spain<br \/>\nAlison\u00a0Attrill-Smith,\u00a0University of Wolverhampton,\u00a0United Kingdom<br \/>\nAlois Ghergut, University Alexandru Ioan Cuza from Iasi, Romania<br \/>\nAndr\u00e9 Francisco Pilon, University of S\u00e3o Paulo, Brazil<br \/>\nAndrea Guazzini, University of Florence, Italy<br \/>\nAndreja\u00a0Avsec,\u00a0University of Ljubljana,\u00a0Slovenia<br \/>\nAndreja Bubic, University of Split, Croatia<br \/>\nAnn Marie\u00a0Bissessar,\u00a0University of The West Indies,\u00a0Trinidad and Tobago<br \/>\nAnna Alexandrova-Karamanova, Institute for Population and Human Studies \u2013 BAS, Bulgaria<br \/>\nAnna\u00a0Janovsk\u00e1,\u00a0Pavol Jozef \u0160af\u00e1rik University in Ko\u0161ice,\u00a0Slovakia<br \/>\nAntonio Aiello, University of Pisa, Italy<br \/>\nAnt\u00f3nio\u00a0Alvim,\u00a0Portuguese Association of Psychoanalysis and Psychology,\u00a0Portugal<br \/>\nAssunta Marano, Themis Research Centre \/ University of Aquila, Italy<br \/>\nAtmane Ikhlef, Independent Consultant \/ Researcher, Algeria<br \/>\nAuks\u0117 Endriulaitien\u0117, Vytautas Magnus University, Lithuania<br \/>\nAyse Esra Aslan, Istanbul University, Turkey<br \/>\nBa\u015fak Bahtiyar,\u00a0Maltepe University,\u00a0Turkey<br \/>\nBeata Kunat, University of Bia\u0142ystok, Poland<br \/>\nBernard Gangloff, University of Rouen, France<br \/>\nBernard Pak-ho\u00a0Wong,\u00a0Hong Kong Shue Yan University,\u00a0Hong Kong<br \/>\nBinnur Yesilyaprak, Ankara University, Turkey<br \/>\nBrij Mohan, Louisiana State University, USA<br \/>\nChris McVittie, Queen Margaret University, United Kingdom<br \/>\nChristoph J.\u00a0Kemper,\u00a0University of Luxembourg,\u00a0Luxembourg<br \/>\nClaudio Sica, University of Firenze, Italy<br \/>\nColette Dufresne-Tass\u00e9, Universit\u00e9 de Montr\u00e9al, Canada<br \/>\nCristian\u00a0Vasile,\u00a0Ploiesti University &amp; International Society for Applied Psychology,\u00a0Romania<br \/>\nDaniel\u00a0S\u00fcss,\u00a0Zurich University of Applied Sciences &amp; University,\u00a0Switzerland<br \/>\nDaragh T.\u00a0Mcdermott,\u00a0Anglia Ruskin University,\u00a0United Kingdom<br \/>\nDavid Aparisi, Universidad de Alicante, Spain<br \/>\nDavid\u00a0Vaidis,\u00a0Universit\u00e9 Paris Descartes,\u00a0France<br \/>\nDeborah Wooldridge , Bowling Green State University, USA<br \/>\nDerek\u00a0Chadee,\u00a0University of The West Indies,\u00a0Trinidad and Tobago<br \/>\nDiego Lasio, University of Cagliari, Italy<br \/>\nEdith Galy-Marie, Aix-Marseille University, France<br \/>\nEdwiges Silvares, University of S\u00e3o Paulo, Brazil<br \/>\nEdwin Herazo, Human Behavioral Research Institute, Colombia<br \/>\nElena Levchenko, Perm State University, Russia<br \/>\nEleni Petkari, European University of Cyprus, Cyprus<br \/>\nElias Kourkoutas, University of Crete, Greece<br \/>\nEmel Kuruoglu, Dokuz Eylul University, Turkey<br \/>\nEmerson Rasera, Federal University of Uberlandia, Brazil<br \/>\nEva Sollarova, Matej Bel University,\u00a0Slovakia<br \/>\nEwa\u00a0M\u00f6rtberg,\u00a0Stockholm University,\u00a0Sweden<br \/>\nFabio Madeddu, University of Milan \u2013 Bicocca, Italy<br \/>\nFotios Anagnostopoulos, Panteion University of Social &amp; Political Sciences, Greece<br \/>\nGandharva\u00a0Joshi,\u00a0Saurashtra University,\u00a0India<br \/>\nGilberto Safra, University of S\u00e3o Paulo, Brazil<br \/>\nGordana Jovanovi\u0107, University of Belgrade, Serbia<br \/>\nGreta Defeyter, Northumbria University, United Kingdom<br \/>\nGrzegorz\u00a0Pochwatko,\u00a0Polish Academy of Sciences,\u00a0Poland<br \/>\nHelena Klimusov\u00e1, Masaryk University, Czech Republic<br \/>\nHenry Grubb, University of Dubuque, USA<br \/>\nHossein Kareshki, Ferdowsi University of Mashhad, Iran<br \/>\nIgor Menezes, Federal University of Bahia, Brazil<br \/>\nIsabella Corradini, Themis Research Centre, Italy<br \/>\nIsabella Mcmurray, University of Bedfordshire, United Kingdom<br \/>\nIvandro Soares Monteiro, ORASI Institute, Portugal<br \/>\nJakob Pietschnig, University of Vienna, Austria<br \/>\nJanina Uszy\u0144ska-Jarmoc, University of Bialystok, Poland<br \/>\nJoanne\u00a0Dickson,\u00a0Edith Cowan University,\u00a0Australia<br \/>\nKamna Chhibber, Fortis Healthcare, India<br \/>\nKaren\u00a0Blair,\u00a0St. Francis Xavier University Antigonish,\u00a0Canada<br \/>\nKatalin Hejja-Nagy, Eszterhazy Karoly University, Hungary<br \/>\nKatherine Makarec, William Paterson University, USA<br \/>\nKostas A. Fanti, University of Cyprus, Cyprus<br \/>\nKristi\u00a0K\u00f5iv,\u00a0University of Tartu,\u00a0Estonia<br \/>\nLada\u00a0Kalisk\u00e1,\u00a0Matej Bel University,\u00a0Slovakia<br \/>\nLadislav\u00a0Lova\u0161,\u00a0Pavol Jozef \u0160af\u00e1rik University,\u00a0Slovakia<br \/>\nLaura\u00a0Furcsa,\u00a0Eszterh\u00e1zy K\u00e1roly University,\u00a0Hungary<br \/>\nLilly Both, University of New Brunswick in Saint John, Canada<br \/>\nLisa Best, University of New Brunswick, Canada<br \/>\nLoreta Buk\u0161nyt\u0117-Marmien\u0117, Vytautas Magnus University, Lithuania<br \/>\nLuca\u00a0Cerniglia,\u00a0Universit\u00e0 Telematica Internazionale Uninettuno,\u00a0Italy<br \/>\nLuciana Kind, Pontifical Catholic University of Minas Gerais, Brazil<br \/>\nMadelene\u00a0Sta. Maria,\u00a0De La Salle University Manila,\u00a0Philippines<br \/>\nMandy Rossignol, University of Mons, Belgium<br \/>\nMarcello\u00a0Nonnis,\u00a0University of Cagliari,\u00a0Italy<br \/>\nMarcelo F. Costa, University of S\u00e3o Paulo, Brazil<br \/>\nMarco Vassallo, Council for Agricultural Research and Economics (CREA), Italy<br \/>\nMargit H\u00f6fler, University of Graz, Austria<br \/>\nMartin Eisemann, Tromso University, Norway<br \/>\nMary M.\u00a0Chittooran,\u00a0Saint Louis University,\u00a0USA<br \/>\nMichael Zeiler, Medical University of Vienna, Austria<br \/>\nMohammad\u00a0Hakami,\u00a0Islamic Azad University-Karaj Branch,\u00a0Iran<br \/>\nMojca Juri\u0161evi\u010d,\u00a0University of Ljubljana, Faculty of Education,\u00a0Slovenia<br \/>\nNaved Iqbal, Jamia Millia Islamia, India<br \/>\nNeala Ambrosi-Randi\u0107, Juraj Dobrila University of Pula, Croatia<br \/>\nNuria Carriedo, UNED. Universidad Nacional de Educaci\u00f3n a Distancia, Spain<br \/>\nOlga Deyneka, St. Petersburg State University, Russia<br \/>\nOlga Orosov\u00e1, Pavol Jozef \u0160af\u00e1rik University in Ko\u0161ice, Slovakia<br \/>\nOmar Rahman, University of South Florida, USA<br \/>\nOtilia Clipa, Stefan cel Mare University, Romania<br \/>\nOvidiu\u00a0Gavrilovici,\u00a0\u201cAlexandru Ioan Cuza\u201d University,\u00a0Romania<br \/>\nOya\u00a0Hazer,\u00a0Hacettepe University,\u00a0Turkey<br \/>\nP\u00e1raic Scanlon, Birmingham City University, United Kingdom<br \/>\nPatrizia Meringolo, Universit\u00e0 degli Studi di Firenze, Italy<br \/>\nPlamen Dimitrov, The Bulgarian Psychological Society, Bulgaria<br \/>\nRegina Fern\u00e1ndez Morales, Universidad Rafael Landivar, Guatemala<br \/>\nReinhold Viehoff, Martin Luther University, Germany<br \/>\nRivka Tuval-mashiach, Bar-Ilan University, Israel<br \/>\nRonald Hambleton, University of Massachusetts, USA<br \/>\nSaija\u00a0Helmi,\u00a0University of Tampere,\u00a0Finland<br \/>\nSamir Parikh, Fortis Healthcare, India<br \/>\nSema\u00a0Karakelle,\u00a0Istanbul University,\u00a0Turkey<br \/>\nSharo (Shahrokh) Shafaie, Southeast Missouri State University, USA<br \/>\nShulamith Kreitler, Tel-Aviv University, Israel<br \/>\nSilvia\u00a0Cimino,\u00a0Sapienza University of Rome,\u00a0Italy<br \/>\nSimona Trip, University of Oradea, Romania<br \/>\nStefan\u00a0H\u00f6fer,\u00a0Innsbruck Medical University,\u00a0Austria<br \/>\nSuppiah Nachiappan, Sultan Idris Education University, Malaysia<br \/>\nSusana\u00a0Corral,\u00a0University of Deusto,\u00a0Spain<br \/>\nSuzie Savvidou, The University of Sheffield International Faculty, Greece<br \/>\nSylvia Kwok, City University of Hong Kong, China<br \/>\nTali Heiman, The Open University of Israel, Israel<br \/>\nTyrone\u00a0Pretorius,\u00a0Monash University,\u00a0South Africa<br \/>\nValentin\u00a0Bucik,\u00a0University of Ljubljana,\u00a0Slovenia<br \/>\nVictor Martinelli, University of Malta, Malta<br \/>\nVildan Mevsim, Dokuz Eylul University, Turkey<br \/>\nVittore Perruci, Universit\u00e0 della Valle d\u2019Aosta, Italy<br \/>\nWerner\u00a0Leitner,\u00a0IB Hochschule,\u00a0Germany<br \/>\nWouter\u00a0Vanderplasschen,\u00a0Ghent University,\u00a0Belgium<br \/>\nYonghui Wang, Shaanxi Normal University, China<br \/>\nYousef Abdelqader Abu Shindi, Sultan Qaboos University, Oman<br \/>\nZoe Bablekou, Aristotle University of Thessaloniki, Greece<br \/>\nZvjezdan Penezi\u0107, University of Zadar, Croatia<\/p>\n","protected":false},"excerpt":{"rendered":"<p>&nbsp; Conference and Program Co-Chairs Clara Pracana Full and Training member of the Portuguese Association of Psychoanalysis and Psychoanalytic Psychotherapy, Portugal Michael Wang Emeritus Professor of Clinical Psychology, University of Leicester, United Kingdom &nbsp; International Scientific Committee A. Nuray\u00a0Karanci,\u00a0Middle East Technical University,\u00a0Turkey Abdulqawi Salim Alzubaidi, Sultan Qaboos University, Oman Abraham A. Argun, Argun Affiliated Psychological [&hellip;]<\/p>\n","protected":false},"author":1,"featured_media":0,"parent":0,"menu_order":0,"comment_status":"closed","ping_status":"open","template":"","meta":{"jetpack_post_was_ever_published":false,"footnotes":""},"class_list":["post-24","page","type-page","status-publish","hentry"],"jetpack_sharing_enabled":true,"jetpack_shortlink":"https:\/\/wp.me\/P9ayHo-o","jetpack_likes_enabled":true,"jetpack-related-posts":[],"_links":{"self":[{"href":"http:\/\/inpact-psychologyconference.org\/2017\/wp-json\/wp\/v2\/pages\/24","targetHints":{"allow":["GET"]}}],"collection":[{"href":"http:\/\/inpact-psychologyconference.org\/2017\/wp-json\/wp\/v2\/pages"}],"about":[{"href":"http:\/\/inpact-psychologyconference.org\/2017\/wp-json\/wp\/v2\/types\/page"}],"author":[{"embeddable":true,"href":"http:\/\/inpact-psychologyconference.org\/2017\/wp-json\/wp\/v2\/users\/1"}],"replies":[{"embeddable":true,"href":"http:\/\/inpact-psychologyconference.org\/2017\/wp-json\/wp\/v2\/comments?post=24"}],"version-history":[{"count":76,"href":"http:\/\/inpact-psychologyconference.org\/2017\/wp-json\/wp\/v2\/pages\/24\/revisions"}],"predecessor-version":[{"id":1910,"href":"http:\/\/inpact-psychologyconference.org\/2017\/wp-json\/wp\/v2\/pages\/24\/revisions\/1910"}],"wp:attachment":[{"href":"http:\/\/inpact-psychologyconference.org\/2017\/wp-json\/wp\/v2\/media?parent=24"}],"curies":[{"name":"wp","href":"https:\/\/api.w.org\/{rel}","templated":true}]}}