{"id":24,"date":"2014-04-09T17:07:20","date_gmt":"2014-04-09T17:07:20","guid":{"rendered":"http:\/\/inpact-psychologyconference.org\/?page_id=24"},"modified":"2018-02-13T17:13:20","modified_gmt":"2018-02-13T17:13:20","slug":"scientific-committee","status":"publish","type":"page","link":"http:\/\/inpact-psychologyconference.org\/2018\/scientific-committee\/","title":{"rendered":"Scientific Committee"},"content":{"rendered":"<p>&nbsp;<\/p>\n<p style=\"text-align: justify;\"><span style=\"color: #ff6600;\"><strong>Conference and Program Co-Chairs<\/strong><\/span><\/p>\n<p style=\"text-align: justify;\"><strong>Clara Pracana<\/strong><br \/>\nFull and Training member of the Portuguese Association of Psychoanalysis and Psychoanalytic Psychotherapy, Portugal<\/p>\n<p style=\"text-align: justify;\"><strong>Michael Wang<\/strong><br \/>\nEmeritus Professor of Clinical Psychology, University of Leicester, United Kingdom<\/p>\n<p>&nbsp;<\/p>\n<p style=\"text-align: justify;\"><span style=\"color: #ff6600;\"><strong>International Scientific Committee<\/strong><\/span><\/p>\n<p>A. Nuray\u00a0Karanci,\u00a0Middle East Technical University,\u00a0Turkey<br \/>\nAbraham A.\u00a0Argun,\u00a0Argun Affiliated Psychological Services,\u00a0USA<br \/>\nAc\u00e1cia\u00a0Santos,\u00a0S\u00e3o Francisco University,\u00a0Brazil<br \/>\nAdi\u00a0Fahrudin,\u00a0Universiti Malaysia Sabah,\u00a0Malaysia<br \/>\nAdilia\u00a0Silva,\u00a0Independent Researcher\/Clinician,\u00a0South Africa<br \/>\nAdriana\u00a0Baban,\u00a0Babes-Bolyai University,\u00a0Romania<br \/>\nAdriane\u00a0Roso,\u00a0Universidade Federal de Santa Maria &#8211; UFSM,\u00a0Brazil<br \/>\nAgata\u00a0Wawrzyniak,\u00a0University of Szczecin,\u00a0Poland<br \/>\nAlessio\u00a0Avenanti,\u00a0Universit\u00e0 di Bologna,\u00a0Italy<br \/>\nAlipio\u00a0S\u00e1nchez Vidal,\u00a0University of Barcelona,\u00a0Spain<br \/>\nAnastasia\u00a0Alevriadou,\u00a0University of Western Macedonia,\u00a0Greece<br \/>\nAndrea\u00a0Guazzini,\u00a0University of Florence,\u00a0Italy<br \/>\nAndreja\u00a0Bubic,\u00a0University of Split,\u00a0Croatia<br \/>\nAnn Marie\u00a0Bissessar,\u00a0University of the West Indies,\u00a0Trinidad and Tobago<br \/>\nAnna\u00a0Alexandrova-Karamanova,\u00a0Institute for Population and Human Studies &#8211; BAS,\u00a0Bulgaria<br \/>\nAnna\u00a0Janovsk\u00e1,\u00a0Pavol Jozef \u0160af\u00e1rik University in Ko\u0161ice,\u00a0Slovakia<br \/>\nAtmane\u00a0Ikhlef,\u00a0Independent Consultant \/ Researcher,\u00a0Algeria<br \/>\nAuks\u0117 Endriulaitien\u0117,\u00a0Vytautas Magnus University,\u00a0Lithuania<br \/>\nAurora Adina\u00a0Colomeischi,\u00a0Stefan cel Mare University,\u00a0Romania<br \/>\nAyse Esra\u00a0Aslan,\u00a0Istanbul University,\u00a0Turkey<br \/>\nBarbara\u00a0W\u0105sikowska,\u00a0University of Szczecin,\u00a0Poland<br \/>\nBa\u015fak Bahtiyar,\u00a0Maltepe University,\u00a0Turkey<br \/>\nBe\u00e1ta\u00a0R\u00e1czov\u00e1,\u00a0Pavol Jozef \u0160af\u00e1rik University in Ko\u0161ice,\u00a0Slovakia<br \/>\nBernard\u00a0Gangloff,\u00a0University of Rouen,\u00a0France<br \/>\nBernard Pak-ho\u00a0Wong,\u00a0Hong Kong Shue Yan University,\u00a0Hong Kong<br \/>\nBinnur\u00a0Yesilyaprak,\u00a0Ankara University,\u00a0Turkey<br \/>\nBrij\u00a0Mohan,\u00a0Louisiana State University,\u00a0USA<br \/>\nCarmen Berce Popa, University of Oradea, Romania<br \/>\nChris\u00a0McVittie,\u00a0Queen Margaret University,\u00a0United Kingdom<br \/>\nChrysanthi\u00a0Nega,\u00a0Deree, The American College of Greece,\u00a0Greece<br \/>\nClarissa M.\u00a0Corradi-Webster,\u00a0University of S\u00e3o Paulo,\u00a0Brazil<br \/>\nClaudio\u00a0Sica,\u00a0University of Firenze,\u00a0Italy<br \/>\nColette\u00a0Dufresne-Tass\u00e9,\u00a0Universit\u00e9 de Montr\u00e9al,\u00a0Canada<br \/>\nDaniel\u00a0S\u00fcss,\u00a0Zurich University of Applied Sciences &amp; University of Zurich,\u00a0Switzerland<br \/>\nDanijela S. Petrovi\u0107,\u00a0University of Belgrade,\u00a0Serbia<br \/>\nDaragh T.\u00a0Mcdermott,\u00a0Anglia Ruskin University,\u00a0United Kingdom<br \/>\nDavid\u00a0Aparisi,\u00a0Universidad de Alicante,\u00a0Spain<br \/>\nDeborah\u00a0Wooldridge,\u00a0Bowling Green State University,\u00a0USA<br \/>\nDiego\u00a0Lasio,\u00a0University of Cagliari,\u00a0Italy<br \/>\nDweep Chand\u00a0Singh,\u00a0AIBHAS, Amity University Uttar Pradesh, NOIDA,\u00a0India<br \/>\nEda\u00a0Kargi,\u00a0East Mediterrannean University,\u00a0Cyprus<br \/>\nEderaldo J.\u00a0Lopes,\u00a0Federal University of Uberl\u00e2ndia,\u00a0Brazil<br \/>\nEdwin\u00a0Herazo,\u00a0Human Behavioral Research Institute,\u00a0Colombia<br \/>\nEkaterina\u00a0Usmanova,\u00a0Saint Petersburg State University,\u00a0Russia<br \/>\nElena\u00a0Levchenko,\u00a0Perm State University,\u00a0Russia<br \/>\nEleni\u00a0Petkari,\u00a0European University of Cyprus,\u00a0Cyprus<br \/>\nElenita M.\u00a0Tiamzon,\u00a0World Citi Colleges,\u00a0Philippines<br \/>\nEmel\u00a0Kuruoglu,\u00a0Dokuz Eylul University,\u00a0Turkey<br \/>\nEmerson\u00a0Rasera,\u00a0Federal University of Uberl\u00e2ndia,\u00a0Brazil<br \/>\nEva Soll\u00e1rov\u00e1,\u00a0Matej Bel University,\u00a0Slovakia<br \/>\nFotios\u00a0Anagnostopoulos,\u00a0Panteion University of Social &amp; Political Sciences,\u00a0Greece<br \/>\nGandharva Joshi, Saurashtra University, India<br \/>\nGordana Jovanovi\u0107,\u00a0University of Belgrade,\u00a0Serbia<br \/>\nHelena\u00a0Klimusov\u00e1,\u00a0Masaryk University,\u00a0Czech Republic<br \/>\nHenry\u00a0Grubb,\u00a0University of Dubuque,\u00a0USA<br \/>\nHossein\u00a0Kareshki,\u00a0Ferdowsi University of Mashhad,\u00a0Iran<br \/>\nIsabella\u00a0Corradini,\u00a0Themis Research Centre,\u00a0Italy<br \/>\nJ. Mart\u00edn Ram\u00edrez,\u00a0Nebrija University,\u00a0Spain<br \/>\nJakob\u00a0Pietschnig,\u00a0University of Vienna,\u00a0Austria<br \/>\nJanina Uszy\u0144ska-Jarmoc,\u00a0University of Bialystok,\u00a0Poland<br \/>\nJoanne\u00a0Dickson,\u00a0Edith Cowan University,\u00a0Australia<br \/>\nKamna\u00a0Chhibber,\u00a0Fortis Healthcare,\u00a0India<br \/>\nKaren\u00a0Blair,\u00a0St. Francis Xavier University Antigonish,\u00a0Canada<br \/>\nKatherine\u00a0Makarec,\u00a0William Paterson University,\u00a0USA<br \/>\nKristi\u00a0K\u00f5iv,\u00a0University of Tartu,\u00a0Estonia<br \/>\nKyle A.\u00a0Msall,\u00a0American University of Kuwait,\u00a0Kuwait<br \/>\nLada\u00a0Kalisk\u00e1,\u00a0Matej Bel University,\u00a0Slovakia<br \/>\nLadislav\u00a0Lova\u0161,\u00a0Pavol Jozef \u0160af\u00e1rik University,\u00a0Slovakia<br \/>\nLaura\u00a0Furcsa,\u00a0Eszterh\u00e1zy K\u00e1roly University,\u00a0Hungary<br \/>\nLiliana Mata, &#8220;Vasile Alecsandri&#8221; University of Bacau, Romania<br \/>\nLilly\u00a0Both,\u00a0University of New Brunswick in Saint John,\u00a0Canada<br \/>\nLisa\u00a0Best,\u00a0University of New Brunswick,\u00a0Canada<br \/>\nLoreta Buk\u0161nyt\u0117-Marmien\u0117,\u00a0Vytautas Magnus University,\u00a0Lithuania<br \/>\nLuca\u00a0Cerniglia,\u00a0Universit\u00e0 Telematica Internazionale UNINETTUNO,\u00a0Italy<br \/>\nLuis Alberto\u00a0Casado Aranda,\u00a0University of Granada,\u00a0Spain<br \/>\nMadelene\u00a0Sta. Maria,\u00a0De La Salle University Manila,\u00a0Philippines<br \/>\nMandy\u00a0Rossignol,\u00a0University of Mons,\u00a0Belgium<br \/>\nMarcello\u00a0Nonnis,\u00a0University of Cagliari,\u00a0Italy<br \/>\nMarcelo F.\u00a0Costa,\u00a0University of S\u00e3o Paulo,\u00a0Brazil<br \/>\nMarco\u00a0Vassallo,\u00a0Council for Agricultural Research and Economics (CREA),\u00a0Italy<br \/>\nMargit\u00a0H\u00f6fler,\u00a0Danube University Krems,\u00a0Austria<br \/>\nMaria\u00a0Iakovleva,\u00a0Saint Petersburg State University,\u00a0Russia<br \/>\nMartin\u00a0Eisemann,\u00a0Troms\u00f8 University,\u00a0Norway<br \/>\nMary M.\u00a0Chittooran,\u00a0Saint Louis University,\u00a0USA<br \/>\nMichael\u00a0Zeiler,\u00a0Medical University of Vienna,\u00a0Austria<br \/>\nMiroslava K\u00f6verov\u00e1,\u00a0Pavol Jozef \u0160af\u00e1rik University in Ko\u0161ice,\u00a0Slovakia<br \/>\nMojca\u00a0Juri\u0161evi\u010d,\u00a0University of Ljubljana, Faculty of Education,\u00a0Slovenia<br \/>\nNadia\u00a0Mateeva,\u00a0Bulgarian Academy of Sciences,\u00a0Bulgaria<br \/>\nNeala Ambrosi-Randi\u0107,\u00a0Juraj Dobrila University of Pula,\u00a0Croatia<br \/>\nNina Kajiji, University of Rhode Island, USA<br \/>\nNuria\u00a0Carriedo,\u00a0UNED &#8211; Universidad Nacional de Educaci\u00f3n a Distancia,\u00a0Spain<br \/>\nOleg\u00a0Panchenko,\u00a0Scientific Practical Medical Rehabilitation and Diagnostic Center of the Ministry of Health of Ukraine,\u00a0Ukraine<br \/>\nOlga\u00a0Deyneka,\u00a0St. Petersburg State University,\u00a0Russia<br \/>\nOlga\u00a0Orosov\u00e1,\u00a0Pavol Jozef \u0160af\u00e1rik University in Ko\u0161ice,\u00a0Slovakia<br \/>\nOmar\u00a0Rahman,\u00a0University of South Florida,\u00a0USA<br \/>\nOtilia\u00a0Clipa,\u00a0Stefan cel Mare University,\u00a0Romania<br \/>\nPatrizia\u00a0Meringolo,\u00a0Universit\u00e0 degli Studi di Firenze,\u00a0Italy<br \/>\nPlamen\u00a0Dimitrov,\u00a0The Bulgarian Psychological Society,\u00a0Bulgaria<br \/>\nRegina\u00a0Fern\u00e1ndez Morales,\u00a0Universidad Rafael Landivar,\u00a0Guatemala<br \/>\nReinhold\u00a0Viehoff,\u00a0Martin Luther University,\u00a0Germany<br \/>\nRoxana-Maria\u00a0Ghiatau,\u00a0Alexandru Ioan Cuza University of Iasi,\u00a0Romania<br \/>\nSamir\u00a0Parikh,\u00a0Fortis Healthcare,\u00a0India<br \/>\nSema\u00a0Karakelle,\u00a0Istanbul University,\u00a0Turkey<br \/>\nSharo (Shahrokh)\u00a0Shafaie,\u00a0Southeast Missouri State University,\u00a0USA<br \/>\nShulamith\u00a0Kreitler,\u00a0Tel Aviv University,\u00a0Israel<br \/>\nSilvia\u00a0Cimino,\u00a0Sapienza University of Rome,\u00a0Italy<br \/>\nSne\u017eana Stojiljkovi\u0107,\u00a0University of Ni\u0161,\u00a0Serbia<br \/>\nSuppiah\u00a0Nachiappan,\u00a0Sultan Idris Education University,\u00a0Malaysia<br \/>\nSuzie\u00a0Savvidou,\u00a0The University of Sheffield International Faculty, CITY College,\u00a0Greece<br \/>\nTali\u00a0Heiman,\u00a0The Open University of Israel,\u00a0Israel<br \/>\nVictor\u00a0Martinelli,\u00a0University of Malta,\u00a0Malta<br \/>\nVildan\u00a0Mevsim,\u00a0Dokuz Eylul University,\u00a0Turkey<br \/>\nVittore\u00a0Perruci,\u00a0Universit\u00e0 della Valle d&#8217;Aosta,\u00a0Italy<br \/>\nWerner\u00a0Leitner,\u00a0IB Hochschule,\u00a0Germany<br \/>\nYonghui\u00a0Wang,\u00a0Shaanxi Normal University,\u00a0China<br \/>\nZamira\u00a0Hyseni Duraku,\u00a0University of Prishtina, Hasan Prishtina,\u00a0Kosovo<br \/>\nZvjezdan Penezi\u0107,\u00a0University of Zadar,\u00a0Croatia<\/p>\n<p>&nbsp;<\/p>\n","protected":false},"excerpt":{"rendered":"<p>&nbsp; Conference and Program Co-Chairs Clara Pracana Full and Training member of the Portuguese Association of Psychoanalysis and Psychoanalytic Psychotherapy, Portugal Michael Wang Emeritus Professor of Clinical Psychology, University of Leicester, United Kingdom &nbsp; International Scientific Committee A. Nuray\u00a0Karanci,\u00a0Middle East Technical University,\u00a0Turkey Abraham A.\u00a0Argun,\u00a0Argun Affiliated Psychological Services,\u00a0USA Ac\u00e1cia\u00a0Santos,\u00a0S\u00e3o Francisco University,\u00a0Brazil Adi\u00a0Fahrudin,\u00a0Universiti Malaysia Sabah,\u00a0Malaysia Adilia\u00a0Silva,\u00a0Independent Researcher\/Clinician,\u00a0South [&hellip;]<\/p>\n","protected":false},"author":1,"featured_media":0,"parent":0,"menu_order":0,"comment_status":"closed","ping_status":"open","template":"","meta":{"jetpack_post_was_ever_published":false,"footnotes":""},"class_list":["post-24","page","type-page","status-publish","hentry"],"jetpack_sharing_enabled":true,"jetpack_shortlink":"https:\/\/wp.me\/Pa8R2V-o","jetpack_likes_enabled":true,"jetpack-related-posts":[],"_links":{"self":[{"href":"http:\/\/inpact-psychologyconference.org\/2018\/wp-json\/wp\/v2\/pages\/24","targetHints":{"allow":["GET"]}}],"collection":[{"href":"http:\/\/inpact-psychologyconference.org\/2018\/wp-json\/wp\/v2\/pages"}],"about":[{"href":"http:\/\/inpact-psychologyconference.org\/2018\/wp-json\/wp\/v2\/types\/page"}],"author":[{"embeddable":true,"href":"http:\/\/inpact-psychologyconference.org\/2018\/wp-json\/wp\/v2\/users\/1"}],"replies":[{"embeddable":true,"href":"http:\/\/inpact-psychologyconference.org\/2018\/wp-json\/wp\/v2\/comments?post=24"}],"version-history":[{"count":107,"href":"http:\/\/inpact-psychologyconference.org\/2018\/wp-json\/wp\/v2\/pages\/24\/revisions"}],"predecessor-version":[{"id":2308,"href":"http:\/\/inpact-psychologyconference.org\/2018\/wp-json\/wp\/v2\/pages\/24\/revisions\/2308"}],"wp:attachment":[{"href":"http:\/\/inpact-psychologyconference.org\/2018\/wp-json\/wp\/v2\/media?parent=24"}],"curies":[{"name":"wp","href":"https:\/\/api.w.org\/{rel}","templated":true}]}}