{"id":30,"date":"2014-04-09T17:08:06","date_gmt":"2014-04-09T17:08:06","guid":{"rendered":"http:\/\/inpact-psychologyconference.org\/?page_id=30"},"modified":"2017-10-23T12:33:13","modified_gmt":"2017-10-23T12:33:13","slug":"venuehotel-information","status":"publish","type":"page","link":"http:\/\/inpact-psychologyconference.org\/2018\/venuehotel-information\/","title":{"rendered":"Venue\/Hotel Information"},"content":{"rendered":"<p><strong>InPACT 2018<\/strong> will be held in <strong>Hotel HF IPANEMA PORTO<\/strong>.<\/p>\n<p>Like Oporto, this hotel has history and tradition and, like the city, it&#8217;s renewed, modern and exciting.<br \/>\nJust a short walk away, Campo Alegre is home to Casa da M\u00fasica, the main Museums in the city and the margin of the River Douro.<br \/>\nOporto&#8217;s modern public transportation network is just steps away from the reception. Alternatively, you may choose to take a ride on the historical tram or using the rental bikes in the hotel.<\/p>\n<p><img data-recalc-dims=\"1\" loading=\"lazy\" decoding=\"async\" data-attachment-id=\"2138\" data-permalink=\"http:\/\/inpact-psychologyconference.org\/2018\/venuehotel-information\/hotel-ipanema-porto\/#main\" data-orig-file=\"https:\/\/i0.wp.com\/inpact-psychologyconference.org\/2018\/wp-content\/uploads\/2017\/10\/hotel-Ipanema-Porto.jpg?fit=500%2C500\" data-orig-size=\"500,500\" data-comments-opened=\"0\" data-image-meta=\"{&quot;aperture&quot;:&quot;0&quot;,&quot;credit&quot;:&quot;&quot;,&quot;camera&quot;:&quot;&quot;,&quot;caption&quot;:&quot;&quot;,&quot;created_timestamp&quot;:&quot;0&quot;,&quot;copyright&quot;:&quot;&quot;,&quot;focal_length&quot;:&quot;0&quot;,&quot;iso&quot;:&quot;0&quot;,&quot;shutter_speed&quot;:&quot;0&quot;,&quot;title&quot;:&quot;&quot;,&quot;orientation&quot;:&quot;0&quot;}\" data-image-title=\"\" data-image-description=\"\" data-image-caption=\"\" data-medium-file=\"https:\/\/i0.wp.com\/inpact-psychologyconference.org\/2018\/wp-content\/uploads\/2017\/10\/hotel-Ipanema-Porto.jpg?fit=300%2C300\" data-large-file=\"https:\/\/i0.wp.com\/inpact-psychologyconference.org\/2018\/wp-content\/uploads\/2017\/10\/hotel-Ipanema-Porto.jpg?fit=500%2C500\" class=\"aligncenter wp-image-2138 size-full\" src=\"https:\/\/i0.wp.com\/inpact-psychologyconference.org\/wp-content\/uploads\/2017\/10\/hotel-Ipanema-Porto.jpg?resize=500%2C500\" alt=\"\" width=\"500\" height=\"500\" srcset=\"https:\/\/i0.wp.com\/inpact-psychologyconference.org\/2018\/wp-content\/uploads\/2017\/10\/hotel-Ipanema-Porto.jpg?w=500 500w, https:\/\/i0.wp.com\/inpact-psychologyconference.org\/2018\/wp-content\/uploads\/2017\/10\/hotel-Ipanema-Porto.jpg?resize=150%2C150 150w, https:\/\/i0.wp.com\/inpact-psychologyconference.org\/2018\/wp-content\/uploads\/2017\/10\/hotel-Ipanema-Porto.jpg?resize=300%2C300 300w\" sizes=\"auto, (max-width: 500px) 100vw, 500px\" \/><\/p>\n<p>To make your reservation, please access the following link \u2013 <a href=\"http:\/\/inpact2018.hfhotels.com\/\" target=\"_blank\" rel=\"noopener\">http:\/\/inpact2018.hfhotels.com\/<\/a> \u2013 and choose\u00a0the hotel of your preference.<br \/>\nHF Ipanema Porto **** (Conference Venue)<br \/>\nHF Tuela Porto *** (3 minutes walk)<br \/>\nHF F\u00e9nix Porto **** (4 minutes walk)<\/p>\n<p><span style=\"text-decoration: underline;\"><strong>This offer is limited, so we strongly recommend you to do your Hotel booking as soon as possible<\/strong>.<\/span><\/p>\n<p>How to get to the conference site:<\/p>\n<p><strong>From the airport to the hotel<\/strong><br \/>\n&#8211; By metro:<br \/>\nIn the Metro do Aeroporto metro station, take the line E in towards the Est\u00e1dio do Drag\u00e3o metro station. Exit in Casa da M\u00fasica (HF Ipanema Porto is 1 Km away).<br \/>\n&#8211; By bus:<br \/>\nNear the airport, take the bus n.\u00ba 601 (in direction to Cordoaria), and get off at Casa da M\u00fasica (HF Ipanema Porto is 1 Km away).<br \/>\n&#8211; Shuttle service:<br \/>\nTo buy this service, just click <a href=\"https:\/\/100rumos.com\/en\/shuttle_porto_options\" target=\"_blank\" rel=\"noopener\">here<\/a>.<\/p>\n<p><strong>From downtown to the hotel<\/strong><br \/>\n&#8211; By metro:<br \/>\nLeaving from the Avenida dos Aliados, continue by going up towards the Trindade metro station (behind the City Hall\/C\u00e2mara Municipal do Porto) and take the line A, B, C, or E, towards Casa da M\u00fasica.<br \/>\n-By bus:<br \/>\nLeaving from the Avenida dos Aliados, take the bus n.\u00ba 200 (towards Castelo do Queijo) or the bus n.\u00ba 207 (towards Foz-Mercado) at the Pra\u00e7a D. Jo\u00e3o I (next to the Teatro Rivoli). Get off the bus at the Massarelos bus stop (the HF Ipanema Porto is located within 0,5 Km).<br \/>\n&#8211; By car:<br \/>\nLeaving from the Avenida dos Aliados, go up the street until the traffic lights, and turn left to Rua de Ceuta, then entering the T\u00fanel de Ceuta. Once in the tunnel, continue towards Hospital Sto. Ant\u00f3nio. In the exit of the tunnel take the right, passing through the Pal\u00e1cio de Cristal up to Pra\u00e7a da Galiza. At the traffic lights turn left to Rua do Campo Alegre (the HF Ipanema Porto is 0,5 Km away.)<\/p>\n<p style=\"text-align: center;\"><strong><br \/>\nHotel Address and Map:<\/strong><br \/>\nRua do Campo Alegre, 156\/172<br \/>\n4150-169 Porto,\u00a0Portugal<\/p>\n<p style=\"text-align: center;\"><iframe loading=\"lazy\" style=\"border: 0;\" src=\"https:\/\/www.google.com\/maps\/embed?pb=!1m18!1m12!1m3!1d3004.1635623335237!2d-8.632079985246785!3d41.15278217928639!2m3!1f0!2f0!3f0!3m2!1i1024!2i768!4f13.1!3m3!1m2!1s0xd24650f2a92bef3%3A0xa847858a660bd05a!2sHotel+HF+Ipanema+Porto!5e0!3m2!1sen!2sus!4v1508331774263\" width=\"600\" height=\"450\" frameborder=\"0\" allowfullscreen=\"allowfullscreen\"><\/iframe><\/p>\n","protected":false},"excerpt":{"rendered":"<p>InPACT 2018 will be held in Hotel HF IPANEMA PORTO. Like Oporto, this hotel has history and tradition and, like the city, it&#8217;s renewed, modern and exciting. Just a short walk away, Campo Alegre is home to Casa da M\u00fasica, the main Museums in the city and the margin of the River Douro. Oporto&#8217;s modern [&hellip;]<\/p>\n","protected":false},"author":1,"featured_media":0,"parent":0,"menu_order":0,"comment_status":"closed","ping_status":"open","template":"","meta":{"jetpack_post_was_ever_published":false,"footnotes":""},"class_list":["post-30","page","type-page","status-publish","hentry"],"jetpack_sharing_enabled":true,"jetpack_shortlink":"https:\/\/wp.me\/Pa8R2V-u","jetpack_likes_enabled":true,"jetpack-related-posts":[],"_links":{"self":[{"href":"http:\/\/inpact-psychologyconference.org\/2018\/wp-json\/wp\/v2\/pages\/30","targetHints":{"allow":["GET"]}}],"collection":[{"href":"http:\/\/inpact-psychologyconference.org\/2018\/wp-json\/wp\/v2\/pages"}],"about":[{"href":"http:\/\/inpact-psychologyconference.org\/2018\/wp-json\/wp\/v2\/types\/page"}],"author":[{"embeddable":true,"href":"http:\/\/inpact-psychologyconference.org\/2018\/wp-json\/wp\/v2\/users\/1"}],"replies":[{"embeddable":true,"href":"http:\/\/inpact-psychologyconference.org\/2018\/wp-json\/wp\/v2\/comments?post=30"}],"version-history":[{"count":45,"href":"http:\/\/inpact-psychologyconference.org\/2018\/wp-json\/wp\/v2\/pages\/30\/revisions"}],"predecessor-version":[{"id":2158,"href":"http:\/\/inpact-psychologyconference.org\/2018\/wp-json\/wp\/v2\/pages\/30\/revisions\/2158"}],"wp:attachment":[{"href":"http:\/\/inpact-psychologyconference.org\/2018\/wp-json\/wp\/v2\/media?parent=30"}],"curies":[{"name":"wp","href":"https:\/\/api.w.org\/{rel}","templated":true}]}}