{"id":1281,"date":"2016-01-15T12:47:04","date_gmt":"2016-01-15T12:47:04","guid":{"rendered":"http:\/\/inpact-psychologyconference.org\/?page_id=1281"},"modified":"2019-02-21T11:39:35","modified_gmt":"2019-02-21T11:39:35","slug":"special-talk-luis-delgado","status":"publish","type":"page","link":"http:\/\/inpact-psychologyconference.org\/2019\/special-talk-luis-delgado\/","title":{"rendered":"Special Talk"},"content":{"rendered":"<p><img data-recalc-dims=\"1\" loading=\"lazy\" decoding=\"async\" data-attachment-id=\"2799\" data-permalink=\"http:\/\/inpact-psychologyconference.org\/2019\/special-talks\/luis-delgado\/#main\" data-orig-file=\"https:\/\/i0.wp.com\/inpact-psychologyconference.org\/2019\/wp-content\/uploads\/2018\/12\/Lu%C3%ADs-Delgado-e1545313824403.jpg?fit=1020%2C1122\" data-orig-size=\"1020,1122\" data-comments-opened=\"0\" data-image-meta=\"{&quot;aperture&quot;:&quot;0&quot;,&quot;credit&quot;:&quot;&quot;,&quot;camera&quot;:&quot;&quot;,&quot;caption&quot;:&quot;&quot;,&quot;created_timestamp&quot;:&quot;0&quot;,&quot;copyright&quot;:&quot;&quot;,&quot;focal_length&quot;:&quot;0&quot;,&quot;iso&quot;:&quot;0&quot;,&quot;shutter_speed&quot;:&quot;0&quot;,&quot;title&quot;:&quot;&quot;,&quot;orientation&quot;:&quot;1&quot;}\" data-image-title=\"\" data-image-description=\"\" data-image-caption=\"\" data-medium-file=\"https:\/\/i0.wp.com\/inpact-psychologyconference.org\/2019\/wp-content\/uploads\/2018\/12\/Lu%C3%ADs-Delgado-e1545313824403.jpg?fit=273%2C300\" data-large-file=\"https:\/\/i0.wp.com\/inpact-psychologyconference.org\/2019\/wp-content\/uploads\/2018\/12\/Lu%C3%ADs-Delgado-e1545313824403.jpg?fit=931%2C1024\" class=\"alignright wp-image-2799\" src=\"https:\/\/i0.wp.com\/inpact-psychologyconference.org\/wp-content\/uploads\/2018\/12\/Lu%C3%ADs-Delgado-e1545313824403-273x300.jpg?resize=200%2C220\" alt=\"\" width=\"200\" height=\"220\" srcset=\"https:\/\/i0.wp.com\/inpact-psychologyconference.org\/2019\/wp-content\/uploads\/2018\/12\/Lu%C3%ADs-Delgado-e1545313824403.jpg?resize=273%2C300 273w, https:\/\/i0.wp.com\/inpact-psychologyconference.org\/2019\/wp-content\/uploads\/2018\/12\/Lu%C3%ADs-Delgado-e1545313824403.jpg?resize=768%2C845 768w, https:\/\/i0.wp.com\/inpact-psychologyconference.org\/2019\/wp-content\/uploads\/2018\/12\/Lu%C3%ADs-Delgado-e1545313824403.jpg?resize=931%2C1024 931w, https:\/\/i0.wp.com\/inpact-psychologyconference.org\/2019\/wp-content\/uploads\/2018\/12\/Lu%C3%ADs-Delgado-e1545313824403.jpg?w=1020 1020w\" sizes=\"auto, (max-width: 200px) 100vw, 200px\" \/><\/p>\n<p style=\"text-align: justify;\"><strong>&#8220;BION AND THE POPES OF HORROR<\/strong><strong>&#8220;<\/strong><\/p>\n<p style=\"text-align: justify;\">&nbsp;<\/p>\n<p style=\"text-align: justify;\">by&nbsp;<strong>Prof. Dr. Lu\u00eds Delgado,<br \/>\n<\/strong>Applied Psychology Research Center Capabilities and Inclusion (APPsyCI) \u2013 ISPA &#8211; University Institute, Portugal<\/p>\n<p>&nbsp;<\/p>\n<p>&nbsp;<\/p>\n<p style=\"text-align: left;\"><span style=\"text-decoration: underline;\"><strong>Abstract<\/strong>:<\/span><\/p>\n<p style=\"text-align: justify;\">In this communication of psychoanalysis (extra-therapeutic) applied to artistic productions the author focuses on the (in)ability to think of horror through two of the, roughly, forty interpretations made by the painter Francis Bacon \u2013 The Screaming Pope (1953) and Figure with Meat (1954) \u2013 of the portrait of Pope Innocent X (1650) by Diego Vel\u00e1zquez, which can be understood in the light of Wilfred Bion`s Theory of Transformations (1965), in which each interpretation\/transformation leads the painter to the intensification of an unnamed terror, viscerally felt, without any capacity for mentalization, for naming, for a dream and the diffusion of the feeling of identity. For this, he created a technique capable of reproducing the deep psychic reality instead of the appearance of people. His aim was not to paint the horror that gave rise to \u201cscream\u201d, but to paint the very \u201cscream\u201d of terror, so as to make the inaudible audible.<\/p>\n<p><strong>Keywords:<\/strong> Vel\u00e1zquez, Bacon, Bion, Horror, Transformations theory.<\/p>\n<p>&nbsp;<\/p>\n<p><strong><span style=\"text-decoration: underline;\">Short Biography:<\/span><\/strong><\/p>\n<p style=\"text-align: justify;\">Lu\u00eds Delgado studied clinical psychology at the Institute Henry Pi\u00e9ron \u2013 Universit\u00e9 Ren\u00e9 Descartes, Paris V and is a professor at Instituto Superior de Psicologia Aplicada \u2013 University Institute \u2013 Lisboa, where he teaches methodology and projective techniques in clinical and teaches master and doctoral seminars. His greatest interest lies in the study of the psychodynamics of creativity and in psychoanalysis applied to artistic and literary objects. He has published two books on this subject and several articles in national and international journals. Lu\u00eds Delgado is psychoanalyst and psychotherapist and, in addition to clinical practice, gives training to the students of his association of psychoanalysis \u2013 Associa\u00e7\u00e3o Portuguesa de Psican\u00e1lise e Psicoterapia Psicanal\u00edtica \u2013 and promotes clinical cases supervision groups in a dynamic perspective. He is full member of Applied Psychology Research Center Capabilities &amp; Inclusion \u2013 ISPA &#8211; University Institute, which provides investigation of psychological and social problems.<\/p>\n","protected":false},"excerpt":{"rendered":"<p>&#8220;BION AND THE POPES OF HORROR&#8220; &nbsp; by&nbsp;Prof. Dr. Lu\u00eds Delgado, Applied Psychology Research Center Capabilities and Inclusion (APPsyCI) \u2013 ISPA &#8211; University Institute, Portugal &nbsp; &nbsp; Abstract: In this communication of psychoanalysis (extra-therapeutic) applied to artistic productions the author focuses on the (in)ability to think of horror through two of the, roughly, forty interpretations [&hellip;]<\/p>\n","protected":false},"author":1,"featured_media":0,"parent":0,"menu_order":0,"comment_status":"closed","ping_status":"closed","template":"","meta":{"jetpack_post_was_ever_published":false,"footnotes":""},"class_list":["post-1281","page","type-page","status-publish","hentry"],"jetpack_sharing_enabled":true,"jetpack_shortlink":"https:\/\/wp.me\/PbeXb1-kF","jetpack_likes_enabled":true,"jetpack-related-posts":[],"_links":{"self":[{"href":"http:\/\/inpact-psychologyconference.org\/2019\/wp-json\/wp\/v2\/pages\/1281","targetHints":{"allow":["GET"]}}],"collection":[{"href":"http:\/\/inpact-psychologyconference.org\/2019\/wp-json\/wp\/v2\/pages"}],"about":[{"href":"http:\/\/inpact-psychologyconference.org\/2019\/wp-json\/wp\/v2\/types\/page"}],"author":[{"embeddable":true,"href":"http:\/\/inpact-psychologyconference.org\/2019\/wp-json\/wp\/v2\/users\/1"}],"replies":[{"embeddable":true,"href":"http:\/\/inpact-psychologyconference.org\/2019\/wp-json\/wp\/v2\/comments?post=1281"}],"version-history":[{"count":33,"href":"http:\/\/inpact-psychologyconference.org\/2019\/wp-json\/wp\/v2\/pages\/1281\/revisions"}],"predecessor-version":[{"id":2933,"href":"http:\/\/inpact-psychologyconference.org\/2019\/wp-json\/wp\/v2\/pages\/1281\/revisions\/2933"}],"wp:attachment":[{"href":"http:\/\/inpact-psychologyconference.org\/2019\/wp-json\/wp\/v2\/media?parent=1281"}],"curies":[{"name":"wp","href":"https:\/\/api.w.org\/{rel}","templated":true}]}}