{"id":24,"date":"2014-04-09T17:07:20","date_gmt":"2014-04-09T17:07:20","guid":{"rendered":"http:\/\/inpact-psychologyconference.org\/?page_id=24"},"modified":"2019-04-26T16:45:41","modified_gmt":"2019-04-26T16:45:41","slug":"scientific-committee","status":"publish","type":"page","link":"http:\/\/inpact-psychologyconference.org\/2019\/scientific-committee\/","title":{"rendered":"Scientific Committee"},"content":{"rendered":"<p style=\"text-align: justify;\"><span style=\"color: #ff6600;\"><strong>Conference and Program Co-Chairs<\/strong><\/span><\/p>\n<p style=\"text-align: left;\"><strong>Clara Pracana<\/strong><br \/>\nFull and Training member of the Portuguese Association of Psychoanalysis and Psychoanalytic Psychotherapy, Portugal<\/p>\n<p style=\"text-align: left;\"><strong>Michael W<\/strong><strong>ang<\/strong><br \/>\nEmeritus Professor of Clinical Psychology, University of Leicester, United Kingdom<\/p>\n<p>&nbsp;<\/p>\n<p style=\"text-align: justify;\"><span style=\"color: #ff6600;\"><strong>International Scientific Committee<\/strong><\/span><\/p>\n<p>A. Nuray&nbsp;Karanci,&nbsp;Middle East Technical University,&nbsp;Turkey<br \/>\nAc\u00e1cia&nbsp;Santos,&nbsp;S\u00e3o Francisco University,&nbsp;Brazil<br \/>\nAdi&nbsp;Fahrudin,&nbsp;Universiti Malaysia Sabah,&nbsp;Malaysia<br \/>\nAdilia&nbsp;Silva,&nbsp;Independent Researcher\/Clinician,&nbsp;South Africa<br \/>\nAgata&nbsp;Wawrzyniak,&nbsp;University of Szczecin,&nbsp;Poland<br \/>\nAlessio&nbsp;Avenanti,&nbsp;Universit\u00e0 di Bologna,&nbsp;Italy<br \/>\nAli Kemal&nbsp;Tekin,&nbsp;Sultan Qaboos University,&nbsp;Oman<br \/>\nAlois&nbsp;Ghergut,&nbsp;University Alexandru Ioan Cuza from Iasi,&nbsp;Romania<br \/>\nAna Paula Couceiro&nbsp;Figueira,&nbsp;University of Coimbra,&nbsp;Portugal<br \/>\nAnastasia&nbsp;Alevriadou,&nbsp;University of Western Macedonia,&nbsp;Greece<br \/>\nAndreja&nbsp;Bubic,&nbsp;University of Split,&nbsp;Croatia<br \/>\nAnna&nbsp;Alexandrova-Karamanova,&nbsp;Institute for Population and Human Studies \u2013 BAS,&nbsp;Bulgaria<br \/>\nAnna&nbsp;Janovsk\u00e1,&nbsp;Pavol Jozef \u0160af\u00e1rik University in Ko\u0161ice,&nbsp;Slovakia<br \/>\nAnne-Marie&nbsp;\u00c9mond,&nbsp;Universit\u00e9 de Montr\u00e9al,&nbsp;Canada<br \/>\nAnton&nbsp;James,&nbsp;The British Psychological Society; The Irish Psychological Society,&nbsp;United Kingdom \/ Ireland<br \/>\nAntonio&nbsp;Aiello,&nbsp;University of Pisa,&nbsp;Italy<br \/>\nArt Blume, Washington State University, USA<br \/>\nAssunta&nbsp;Marano,&nbsp;Themis Research Centre \/ \u201cSapienza\u201d, University of Rome,&nbsp;Italy<br \/>\nAtmane Ikhlef,&nbsp;Independent Consultant\/ Researcher,&nbsp;Algeria<br \/>\nAuks\u0117 Endriulaitien\u0117,&nbsp;Vytautas Magnus University,&nbsp;Lithuania<br \/>\nAyse Esra&nbsp;Aslan,&nbsp;Istanbul University,&nbsp;Turkey<br \/>\nBeata&nbsp;Gajdo\u0161ov\u00e1,&nbsp;Pavol Jozef \u0160af\u00e1rik University in Ko\u0161ice,&nbsp;Slovakia<br \/>\nBeatriz&nbsp;Delgado Domenech,&nbsp;University of Alicante,&nbsp;Spain<br \/>\nBernard&nbsp;Gangloff,&nbsp;University of Rouen,&nbsp;France<br \/>\nBinnur&nbsp;Yesilyaprak,&nbsp;Ankara University,&nbsp;Turkey<br \/>\nCarmen Berce&nbsp;Popa,&nbsp;University of Oradea,&nbsp;Romania<br \/>\nChris&nbsp;McVittie,&nbsp;Queen Margaret University,&nbsp;United Kingdom<br \/>\nClaudio&nbsp;Sica,&nbsp;University of Firenze,&nbsp;Italy<br \/>\nColette&nbsp;Dufresne-Tass\u00e9,&nbsp;Universit\u00e9 de Montr\u00e9al,&nbsp;Canada<br \/>\nDaniel&nbsp;S\u00fcss,&nbsp;Zurich University of Applied Sciences &amp; University of Zurich,&nbsp;Switzerland<br \/>\nDanijela S.&nbsp;Petrovi\u0107,&nbsp;University of Belgrade, Faculty of Philosophy,&nbsp;Serbia<br \/>\nDaragh T.&nbsp;Mcdermott,&nbsp;Anglia Ruskin University,&nbsp;United Kingdom<br \/>\nDavid&nbsp;Aparisi,&nbsp;Universidad de Alicante,&nbsp;Spain<br \/>\nDeborah&nbsp;Wooldridge,&nbsp;Bowling Green State University,&nbsp;USA<br \/>\nDweep Chand&nbsp;Singh,&nbsp;AIBHAS, Amity University Uttar Pradesh, NOIDA,&nbsp;India<br \/>\nEda&nbsp;Kargi,&nbsp;East Mediterranean University,&nbsp;Cyprus<br \/>\nEderaldo J.&nbsp;Lopes,&nbsp;Federal University of Uberl\u00e2ndia,&nbsp;Brazil<br \/>\nEdwin&nbsp;Herazo,&nbsp;Human Behavioral Research Institute,&nbsp;Colombia<br \/>\nEkaterina&nbsp;Usmanova,&nbsp;Saint Petersburg State University,&nbsp;Russia<br \/>\nElena&nbsp;Levchenko,&nbsp;Perm State University,&nbsp;Russia<br \/>\nEleni&nbsp;Petkari,&nbsp;European University of Cyprus,&nbsp;Cyprus<br \/>\nElenita M. Tiamzon,&nbsp;World Citi Colleges,&nbsp;Philippines<br \/>\nEmel&nbsp;Kuruoglu,&nbsp;Dokuz Eylul University,&nbsp;Turkey<br \/>\nEmerson&nbsp;Rasera,&nbsp;Federal University of Uberl\u00e2ndia,&nbsp;Brazil<br \/>\nFotios&nbsp;Anagnostopoulos,&nbsp;Panteion University of Social &amp; Political Sciences,&nbsp;Greece<br \/>\nGail&nbsp;Tan-Ilagan,&nbsp;Ateneo de Davao University,&nbsp;Philippines<br \/>\nGandharva Joshi, Saurashtra University , India<br \/>\nGordana \u0110igi\u0107,&nbsp;University of Ni\u0161,&nbsp;Serbia<br \/>\nHayder&nbsp;Aljouranj,&nbsp;Helsinki Deaconess Institute,&nbsp;Finland<br \/>\nHenry&nbsp;Grubb,&nbsp;University of Dubuque,&nbsp;USA<br \/>\nIgor&nbsp;Menezes,&nbsp;University of Lincoln,&nbsp;United Kingdom<br \/>\nIsabella&nbsp;Corradini,&nbsp;Themis Research Centre,&nbsp;Italy<br \/>\nIsabella&nbsp;Mcmurray,&nbsp;University of Bedfordshire,&nbsp;United Kingdom<br \/>\nJakob&nbsp;Pietschnig,&nbsp;University of Vienna,&nbsp;Austria<br \/>\nJelisaveta Todorovi\u0107,&nbsp;University of Ni\u0161,&nbsp;Serbia<br \/>\nJuliet&nbsp;Dinkha,&nbsp;American University of Kuwait,&nbsp;Kuwait<br \/>\nKamna&nbsp;Chhibber,&nbsp;Fortis Healthcare,&nbsp;India<br \/>\nKatherine&nbsp;Makarec,&nbsp;William Paterson University,&nbsp;USA<br \/>\nKonstantinos&nbsp;Kafetsios,&nbsp;University of Crete,&nbsp;Greece<br \/>\nKristi&nbsp;K\u00f5iv,&nbsp;University of Tartu,&nbsp;Estonia<br \/>\nLada&nbsp;Kalisk\u00e1,&nbsp;Matej Bel University,&nbsp;Slovakia<br \/>\nLaura&nbsp;Furcsa,&nbsp;Eszterh\u00e1zy K\u00e1roly University,&nbsp;Hungary<br \/>\nLaura&nbsp;Vilela e Souza,&nbsp;Universidade de S\u00e3o Paulo,&nbsp;Brazil<br \/>\nLiliana&nbsp;Mata,&nbsp;&#8220;Vasile Alecsandri&#8221; University of Bacau,&nbsp;Romania<br \/>\nLilly&nbsp;Both,&nbsp;University of New Brunswick in Saint John,&nbsp;Canada<br \/>\nLisa&nbsp;Best,&nbsp;University of New Brunswick,&nbsp;Canada<br \/>\nLjiljana&nbsp;Gregov,&nbsp;University of Zadar,&nbsp;Croatia<br \/>\nLoreta Buk\u0161nyt\u0117-Marmien\u0117,&nbsp;Vytautas Magnus University,&nbsp;Lithuania<br \/>\nLuca&nbsp;Cerniglia,&nbsp;Universit\u00e0 Telematica Internazionale UNINETTUNO,&nbsp;Italy<br \/>\nLucia&nbsp;Hricov\u00e1,&nbsp;Pavol Jozef \u0160af\u00e1rik University in Ko\u0161ice,&nbsp;Slovakia<br \/>\nLuis Alberto&nbsp;Casado Aranda,&nbsp;University of Granada,&nbsp;Spain<br \/>\nMadelene&nbsp;Sta. Maria,&nbsp;De La Salle University Manila,&nbsp;Philippines<br \/>\nMaher Abu Hilal,&nbsp;Sultan Qaboos University,&nbsp;Oman<br \/>\nMarcelo F.&nbsp;Costa,&nbsp;University of S\u00e3o Paulo,&nbsp;Brazil<br \/>\nMarco&nbsp;Vassallo,&nbsp;Council for Agricultural Research and Economics (CREA),&nbsp;Italy<br \/>\nMargit&nbsp;H\u00f6fler,&nbsp;Danube University Krems,&nbsp;Austria<br \/>\nMaria&nbsp;Iakovleva,&nbsp;Saint Petersburg State University,&nbsp;Russia<br \/>\nMartin&nbsp;Eisemann,&nbsp;Tromso University,&nbsp;Norway<br \/>\nMary M.&nbsp;Chittooran,&nbsp;Saint Louis University,&nbsp;USA<br \/>\nMichael&nbsp;Zeiler,&nbsp;Medical University of Vienna,&nbsp;Austria<br \/>\nMiroslava K\u00f6verov\u00e1,&nbsp;Pavol Jozef \u0160af\u00e1rik University in Ko\u0161ice,&nbsp;Slovakia<br \/>\nMojca Juri\u0161evi\u010d,&nbsp;University of Ljubljana, Faculty of Education,&nbsp;Slovenia<br \/>\nNadia&nbsp;Mateeva,&nbsp;Bulgarian Academy of Sciences,&nbsp;Bulgaria<br \/>\nNeala Ambrosi-Randi\u0107,&nbsp;Juraj Dobrila University of Pula,&nbsp;Croatia<br \/>\nNeboj\u0161a Mili\u0107evi\u0107,&nbsp;University of Ni\u0161,&nbsp;Serbia<br \/>\nNorihiro&nbsp;Kuroishi,&nbsp;International Christian University,&nbsp;Japan<br \/>\nNuria&nbsp;Carriedo,&nbsp;UNED &#8211; Universidad Nacional de Educaci\u00f3n a Distancia,&nbsp;Spain<br \/>\nOlga&nbsp;Deyneka,&nbsp;St. Petersburg State University,&nbsp;Russia<br \/>\nOlga Orosov\u00e1,&nbsp;Pavol Jozef \u0160af\u00e1rik University in Ko\u0161ice,&nbsp;Slovakia<br \/>\nOmar&nbsp;Rahman,&nbsp;University of South Florida,&nbsp;USA<br \/>\nOtilia&nbsp;Clipa,&nbsp;Stefan cel Mare University,&nbsp;Romania<br \/>\nP\u00e1raic Scanlon,&nbsp;Birmingham City University,&nbsp;United Kingdom<br \/>\nRegina&nbsp;Fern\u00e1ndez Morales,&nbsp;Universidad de Chile,&nbsp;Chile<br \/>\nRonald&nbsp;Hambleton,&nbsp;University of Massachusetts,&nbsp;USA<br \/>\nRoxana-Maria&nbsp;Ghia\u021b\u0103u,&nbsp;Alexandru Ioan Cuza University, Iasi,&nbsp;Romania<br \/>\nSharo (Shahrokh)&nbsp;Shafaie,&nbsp;Southeast Missouri State University,&nbsp;USA<br \/>\nShulamith&nbsp;Kreitler,&nbsp;Tel-Aviv University,&nbsp;Israel<br \/>\nSilvia&nbsp;Cimino,&nbsp;Sapienza University of Rome,&nbsp;Italy<br \/>\nSne\u017eana Stojiljkovi\u0107,&nbsp;University of Ni\u0161,&nbsp;Serbia<br \/>\nSuppiah&nbsp;Nachiappan,&nbsp;Sultan Idris Education University,&nbsp;Malaysia<br \/>\nSuzie&nbsp;Savvidou,&nbsp;The University of Sheffield International Faculty, CITY College,&nbsp;Greece<br \/>\nSylvia&nbsp;Kwok,&nbsp;City University of Hong Kong,&nbsp;China<br \/>\nTali&nbsp;Heiman,&nbsp;The Open University of Israel,&nbsp;Israel<br \/>\nVeena&nbsp;Easvaradoss,&nbsp;Women&#8217;s Christian College, Chennai,&nbsp;India<br \/>\nVictor&nbsp;Martinelli,&nbsp;University of Malta,&nbsp;Malta<br \/>\nVildan&nbsp;Mevsim,&nbsp;Dokuz Eylul University,&nbsp;Turkey<br \/>\nWerner&nbsp;Leitner,&nbsp;IB Hochschule,&nbsp;Germany<br \/>\nYoriko&nbsp;Sano,&nbsp;Kanto Gakuin University,&nbsp;Japan<br \/>\nZvjezdan Penezi\u0107,&nbsp;University of Zadar,&nbsp;Croatia<\/p>\n","protected":false},"excerpt":{"rendered":"<p>Conference and Program Co-Chairs Clara Pracana Full and Training member of the Portuguese Association of Psychoanalysis and Psychoanalytic Psychotherapy, Portugal Michael Wang Emeritus Professor of Clinical Psychology, University of Leicester, United Kingdom &nbsp; International Scientific Committee A. Nuray&nbsp;Karanci,&nbsp;Middle East Technical University,&nbsp;Turkey Ac\u00e1cia&nbsp;Santos,&nbsp;S\u00e3o Francisco University,&nbsp;Brazil Adi&nbsp;Fahrudin,&nbsp;Universiti Malaysia Sabah,&nbsp;Malaysia Adilia&nbsp;Silva,&nbsp;Independent Researcher\/Clinician,&nbsp;South Africa Agata&nbsp;Wawrzyniak,&nbsp;University of Szczecin,&nbsp;Poland Alessio&nbsp;Avenanti,&nbsp;Universit\u00e0 di [&hellip;]<\/p>\n","protected":false},"author":1,"featured_media":0,"parent":0,"menu_order":0,"comment_status":"closed","ping_status":"open","template":"","meta":{"jetpack_post_was_ever_published":false,"footnotes":""},"class_list":["post-24","page","type-page","status-publish","hentry"],"jetpack_sharing_enabled":true,"jetpack_shortlink":"https:\/\/wp.me\/PbeXb1-o","jetpack_likes_enabled":true,"jetpack-related-posts":[],"_links":{"self":[{"href":"http:\/\/inpact-psychologyconference.org\/2019\/wp-json\/wp\/v2\/pages\/24","targetHints":{"allow":["GET"]}}],"collection":[{"href":"http:\/\/inpact-psychologyconference.org\/2019\/wp-json\/wp\/v2\/pages"}],"about":[{"href":"http:\/\/inpact-psychologyconference.org\/2019\/wp-json\/wp\/v2\/types\/page"}],"author":[{"embeddable":true,"href":"http:\/\/inpact-psychologyconference.org\/2019\/wp-json\/wp\/v2\/users\/1"}],"replies":[{"embeddable":true,"href":"http:\/\/inpact-psychologyconference.org\/2019\/wp-json\/wp\/v2\/comments?post=24"}],"version-history":[{"count":154,"href":"http:\/\/inpact-psychologyconference.org\/2019\/wp-json\/wp\/v2\/pages\/24\/revisions"}],"predecessor-version":[{"id":3151,"href":"http:\/\/inpact-psychologyconference.org\/2019\/wp-json\/wp\/v2\/pages\/24\/revisions\/3151"}],"wp:attachment":[{"href":"http:\/\/inpact-psychologyconference.org\/2019\/wp-json\/wp\/v2\/media?parent=24"}],"curies":[{"name":"wp","href":"https:\/\/api.w.org\/{rel}","templated":true}]}}