{"id":30,"date":"2014-04-09T17:08:06","date_gmt":"2014-04-09T17:08:06","guid":{"rendered":"http:\/\/inpact-psychologyconference.org\/?page_id=30"},"modified":"2019-03-26T13:14:21","modified_gmt":"2019-03-26T13:14:21","slug":"venuehotel-information","status":"publish","type":"page","link":"http:\/\/inpact-psychologyconference.org\/2019\/venuehotel-information\/","title":{"rendered":"Venue\/Hotel Information"},"content":{"rendered":"<p style=\"text-align: justify;\"><strong>InPACT 2019<\/strong> will be held in <span style=\"text-decoration: underline;\"><strong>Hotel Dubrovnik <\/strong><\/span>in Zagreb.<\/p>\n<p class=\"_2cuy _3dgx _2vxa\" style=\"text-align: justify;\">Hotel Dubrovnik is a hotel in Zagreb located on the city\u2019s main square that provides a warm and friendly environment with the right dash of Zagreb\u2019s charm and a chance to feel the pulse of Croatia\u2019s dynamic capital.<\/p>\n<p style=\"text-align: justify;\">The four star Hotel Dubrovnik has been welcoming guests since 1929 and has won a number of awards for its facilities and services.<\/p>\n<p>The hotel is ideally located in the heart of Zagreb, surrounded by\u00a0all the city\u2019s top business, cultural and entertainment attractions as well as parks and colorful caf\u00e9s.<\/p>\n<p style=\"text-align: justify;\">The Hotel Dubrovnik\u2019s facade on Ban Jelacic square is a distinctive part of the city\u2019s architectural heritage.<\/p>\n<style id=\"bwg-style-0\">    #bwg_container1_0 #bwg_container2_0 .bwg-container-0.bwg-standard-thumbnails {      width: 702px;              justify-content: center;        margin:0 auto !important;              background-color: rgba(255, 255, 255, 0.00);            padding-left: 2px;      padding-top: 2px;      max-width: 100%;            }        #bwg_container1_0 #bwg_container2_0 .bwg-container-0.bwg-standard-thumbnails .bwg-item {    justify-content: flex-start;      max-width: 350px;            width: 350px !important;          }    #bwg_container1_0 #bwg_container2_0 .bwg-container-0.bwg-standard-thumbnails .bwg-item a {       margin-right: 2px;       margin-bottom: 2px;    }    #bwg_container1_0 #bwg_container2_0 .bwg-container-0.bwg-standard-thumbnails .bwg-item0 {      padding: 0px;            background-color:rgba(255,255,255, 0.30);      border: 0px none #CCCCCC;      opacity: 1.00;      border-radius: 0;      box-shadow: ;    }    #bwg_container1_0 #bwg_container2_0 .bwg-container-0.bwg-standard-thumbnails .bwg-item1 img {      max-height: none;      max-width: none;      padding: 0 !important;    }        @media only screen and (min-width: 480px) {      #bwg_container1_0 #bwg_container2_0 .bwg-container-0.bwg-standard-thumbnails .bwg-item0 {        transition: all 0.3s ease 0s;-webkit-transition: all 0.3s ease 0s;      }      #bwg_container1_0 #bwg_container2_0 .bwg-container-0.bwg-standard-thumbnails .bwg-item0:hover {        -ms-transform: scale(1.08);        -webkit-transform: scale(1.08);        transform: scale(1.08);      }    }          #bwg_container1_0 #bwg_container2_0 .bwg-container-0.bwg-standard-thumbnails .bwg-item1 {      padding-top: 74.285714285714%;    }        #bwg_container1_0 #bwg_container2_0 .bwg-container-0.bwg-standard-thumbnails .bwg-title2,    #bwg_container1_0 #bwg_container2_0 .bwg-container-0.bwg-standard-thumbnails .bwg-ecommerce2 {      color: #CCCCCC;      font-family: Ubuntu;      font-size: 16px;      font-weight: bold;      padding: 2px;      text-shadow: 0px 0px 0px #888888;      max-height: 100%;    }    #bwg_container1_0 #bwg_container2_0 .bwg-container-0.bwg-standard-thumbnails .bwg-thumb-description span {    color: #323A45;    font-family: Ubuntu;    font-size: 12px;    max-height: 100%;    word-wrap: break-word;    }    #bwg_container1_0 #bwg_container2_0 .bwg-container-0.bwg-standard-thumbnails .bwg-play-icon2 {      font-size: 32px;    }    #bwg_container1_0 #bwg_container2_0 .bwg-container-0.bwg-standard-thumbnails .bwg-ecommerce2 {      font-size: 19.2px;      color: #CCCCCC;    }    <\/style>    <div id=\"bwg_container1_0\"         class=\"bwg_container bwg_thumbnail bwg_thumbnails \"         data-right-click-protection=\"0\"         data-bwg=\"0\"         data-scroll=\"0\"         data-gallery-type=\"thumbnails\"         data-gallery-view-type=\"thumbnails\"         data-current-url=\"\/2019\/wp-json\/wp\/v2\/pages\/30\"         data-lightbox-url=\"http:\/\/inpact-psychologyconference.org\/2019\/wp-admin\/admin-ajax.php?action=GalleryBox&#038;current_view=0&#038;gallery_id=2&#038;tag=0&#038;theme_id=1&#038;shortcode_id=9&#038;sort_by=order&#038;order_by=asc&#038;current_url=%2F2019%2Fwp-json%2Fwp%2Fv2%2Fpages%2F30\"         data-gallery-id=\"2\"         data-popup-width=\"800\"         data-popup-height=\"500\"         data-is-album=\"gallery\"         data-buttons-position=\"bottom\">      <div id=\"bwg_container2_0\">             <div id=\"ajax_loading_0\" class=\"bwg_loading_div_1\">      <div class=\"bwg_loading_div_2\">        <div class=\"bwg_loading_div_3\">          <div id=\"loading_div_0\" class=\"bwg_spider_ajax_loading\">          <\/div>        <\/div>      <\/div>    <\/div>            <form id=\"gal_front_form_0\"              class=\"bwg-hidden\"              method=\"post\"              action=\"#\"              data-current=\"0\"              data-shortcode-id=\"9\"              data-gallery-type=\"thumbnails\"              data-gallery-id=\"2\"              data-tag=\"0\"              data-album-id=\"0\"              data-theme-id=\"1\"              data-ajax-url=\"http:\/\/inpact-psychologyconference.org\/2019\/wp-admin\/admin-ajax.php?action=bwg_frontend_data\">          <div id=\"bwg_container3_0\" class=\"bwg-background bwg-background-0\">                <div data-max-count=\"2\"         data-thumbnail-width=\"350\"         data-bwg=\"0\"         data-gallery-id=\"2\"         data-lightbox-url=\"http:\/\/inpact-psychologyconference.org\/2019\/wp-admin\/admin-ajax.php?action=GalleryBox&amp;current_view=0&amp;gallery_id=2&amp;tag=0&amp;theme_id=1&amp;shortcode_id=9&amp;sort_by=order&amp;order_by=asc&amp;current_url=%2F2019%2Fwp-json%2Fwp%2Fv2%2Fpages%2F30\"         id=\"bwg_thumbnails_0\"         class=\"bwg-container-0 bwg-thumbnails bwg-standard-thumbnails bwg-container bwg-border-box\">            <div class=\"bwg-item\">        <a class=\"bwg-a  bwg_lightbox\"  data-image-id=\"17\" href=\"http:\/\/inpact-psychologyconference.org\/2019\/wp-content\/uploads\/photo-gallery\/imported_from_media_libray\/hotel-dubrovnik.jpg\" data-elementor-open-lightbox=\"no\">                <div class=\"bwg-item0 \">          <div class=\"bwg-item1 \">            <div class=\"bwg-item2\">              <img decoding=\"async\" class=\"skip-lazy bwg_standart_thumb_img_0 \"                   data-id=\"17\"                   data-width=\"\"                   data-height=\"\"                   data-src=\"http:\/\/inpact-psychologyconference.org\/2019\/wp-content\/uploads\/photo-gallery\/imported_from_media_libray\/thumb\/hotel-dubrovnik.jpg\"                   src=\"http:\/\/inpact-psychologyconference.org\/2019\/wp-content\/uploads\/photo-gallery\/imported_from_media_libray\/thumb\/hotel-dubrovnik.jpg\"                   alt=\"\"                   title=\"\" \/>            <\/div>            <div class=\"\">                                                      <\/div>          <\/div>        <\/div>                        <\/a>              <\/div>            <div class=\"bwg-item\">        <a class=\"bwg-a  bwg_lightbox\"  data-image-id=\"16\" href=\"http:\/\/inpact-psychologyconference.org\/2019\/wp-content\/uploads\/photo-gallery\/imported_from_media_libray\/hotel-dubrovnik-outside.jpg\" data-elementor-open-lightbox=\"no\">                <div class=\"bwg-item0 \">          <div class=\"bwg-item1 \">            <div class=\"bwg-item2\">              <img decoding=\"async\" class=\"skip-lazy bwg_standart_thumb_img_0 \"                   data-id=\"16\"                   data-width=\"\"                   data-height=\"\"                   data-src=\"http:\/\/inpact-psychologyconference.org\/2019\/wp-content\/uploads\/photo-gallery\/imported_from_media_libray\/thumb\/hotel-dubrovnik-outside.jpg\"                   src=\"http:\/\/inpact-psychologyconference.org\/2019\/wp-content\/uploads\/photo-gallery\/imported_from_media_libray\/thumb\/hotel-dubrovnik-outside.jpg\"                   alt=\"\"                   title=\"\" \/>            <\/div>            <div class=\"\">                                                      <\/div>          <\/div>        <\/div>                        <\/a>              <\/div>          <\/div>    <style>      \/*pagination styles*\/      #bwg_container1_0 #bwg_container2_0 .tablenav-pages_0 {\t\t\t\ttext-align: center;\t\t\t\tfont-size: 12px;\t\t\t\tfont-family: segoe ui;\t\t\t\tfont-weight: bold;\t\t\t\tcolor: #666666;\t\t\t\tmargin: 6px 0 4px;\t\t\t\tdisplay: block;      }      @media only screen and (max-width : 320px) {      #bwg_container1_0 #bwg_container2_0 .displaying-num_0 {     \t display: none;      }      }      #bwg_container1_0 #bwg_container2_0 .displaying-num_0 {\t\t\t\tfont-size: 12px;\t\t\t\tfont-family: segoe ui;\t\t\t\tfont-weight: bold;\t\t\t\tcolor: #666666;\t\t\t\tmargin-right: 10px;\t\t\t\tvertical-align: middle;      }      #bwg_container1_0 #bwg_container2_0 .paging-input_0 {\t\t\t\tfont-size: 12px;\t\t\t\tfont-family: segoe ui;\t\t\t\tfont-weight: bold;\t\t\t\tcolor: #666666;\t\t\t\tvertical-align: middle;      }      #bwg_container1_0 #bwg_container2_0 .tablenav-pages_0 a.disabled,      #bwg_container1_0 #bwg_container2_0 .tablenav-pages_0 a.disabled:hover,      #bwg_container1_0 #bwg_container2_0 .tablenav-pages_0 a.disabled:focus,\t\t\t#bwg_container1_0 #bwg_container2_0 .tablenav-pages_0 input.bwg_current_page {\t\t\t\tcursor: default;\t\t\t\tcolor: rgba(102, 102, 102, 0.5);      }      #bwg_container1_0 #bwg_container2_0 .tablenav-pages_0 a,      #bwg_container1_0 #bwg_container2_0 .tablenav-pages_0 input.bwg_current_page {\t\t\t\tcursor: pointer;\t\t\t\ttext-align: center;\t\t\t\tfont-size: 12px;\t\t\t\tfont-family: segoe ui;\t\t\t\tfont-weight: bold;\t\t\t\tcolor: #666666;\t\t\t\ttext-decoration: none;\t\t\t\tpadding: 3px 6px;\t\t\t\tmargin: 0;\t\t\t\tborder-radius: 0;\t\t\t\tborder-style: solid;\t\t\t\tborder-width: 1px;\t\t\t\tborder-color: #E3E3E3;\t\t\t\t\t\t\t\tbackground-color: rgba(255, 255, 255, 1.00);\t\t\t\tbox-shadow: 0;\t\t\t\ttransition: all 0.3s ease 0s;-webkit-transition: all 0.3s ease 0s;      }      <\/style>      <span class=\"bwg_nav_cont_0\">              <div class=\"tablenav-pages_0\">                  <\/div>                <input type=\"hidden\" id=\"page_number_0\" name=\"page_number_0\" value=\"1\" \/>      <script type=\"text\/javascript\">        if( jQuery('.bwg_nav_cont_0').length > 1 ) {          jQuery('.bwg_nav_cont_0').first().remove()        }        function spider_page_0(cur, x, y, load_more) {          if (typeof load_more == \"undefined\") {            var load_more = false;          }          if (jQuery(cur).hasClass('disabled')) {            return false;          }          var items_county_0 = 1;          switch (y) {            case 1:              if (x >= items_county_0) {                document.getElementById('page_number_0').value = items_county_0;              }              else {                document.getElementById('page_number_0').value = x + 1;              }              break;            case 2:              document.getElementById('page_number_0').value = items_county_0;              break;            case -1:              if (x == 1) {                document.getElementById('page_number_0').value = 1;              }              else {                document.getElementById('page_number_0').value = x - 1;              }              break;            case -2:              document.getElementById('page_number_0').value = 1;              break;\t\t\t\t\t\tcase 0:              document.getElementById('page_number_0').value = x;              break;            default:              document.getElementById('page_number_0').value = 1;          }          bwg_ajax('gal_front_form_0', '0', 'bwg_thumbnails_0', '0', '', 'gallery', 0, '', '', load_more, '', 1);        }                    jQuery('.first-page-0').on('click', function () {              spider_page_0(this, 1, -2, 'numeric');              return false;            });            jQuery('.prev-page-0').on('click', function () {              spider_page_0(this, 1, -1, 'numeric');              return false;            });            jQuery('.next-page-0').on('click', function () {              spider_page_0(this, 1, 1, 'numeric');              return false;            });            jQuery('.last-page-0').on('click', function () {              spider_page_0(this, 1, 2, 'numeric');              return false;            });        \t\t\t\t\/* Change page on input enter. *\/        function bwg_change_page_0( e, that ) {          if (  e.key == 'Enter' ) {            var to_page = parseInt(jQuery(that).val());            var pages_count = jQuery(that).parents(\".pagination-links\").data(\"pages-count\");            var current_url_param = jQuery(that).attr('data-url-info');            if (to_page > pages_count) {              to_page = 1;            }\t \t\t\t\t\t\t\t\t\t\t\t\tspider_page_0(this, to_page, 0, 'numeric');\t\t\t\t\t\t\treturn false;\t\t\t\t\t\t          }          return true;        }        jQuery('.bwg_load_btn_0').on('click', function () {            spider_page_0(this, 1, 1, true);            return false;        });      <\/script>      <\/span>                <\/div>        <\/form>        <style>          #bwg_container1_0 #bwg_container2_0 #spider_popup_overlay_0 {          background-color: #EEEEEE;          opacity: 0.60;          }          <\/style>        <div id=\"bwg_spider_popup_loading_0\" class=\"bwg_spider_popup_loading\"><\/div>        <div id=\"spider_popup_overlay_0\" class=\"spider_popup_overlay\" onclick=\"spider_destroypopup(1000)\"><\/div>        <input type=\"hidden\" id=\"bwg_random_seed_0\" value=\"1176991359\">                <\/div>    <\/div>    <script>      if (document.readyState === 'complete') {        if( typeof bwg_main_ready == 'function' ) {          if ( jQuery(\"#bwg_container1_0\").height() ) {            bwg_main_ready(jQuery(\"#bwg_container1_0\"));          }        }      } else {        document.addEventListener('DOMContentLoaded', function() {          if( typeof bwg_main_ready == 'function' ) {            if ( jQuery(\"#bwg_container1_0\").height() ) {             bwg_main_ready(jQuery(\"#bwg_container1_0\"));            }          }        });      }    <\/script>    \n<p style=\"text-align: justify;\">To make reservations, please\u00a0<a href=\"http:\/\/inpact-psychologyconference.org\/wp-content\/uploads\/2019\/03\/Reservation-form.doc\" target=\"_blank\" rel=\"noopener noreferrer\">click here<\/a>\u00a0to download the Reservation Form.\u00a0<strong>This offer is limited, so we strongly recommend you to do your Hotel booking <span style=\"text-decoration: underline;\">until 5 of April, 2019<\/span>. After this date, we cannot guarantee the availability of rooms at this special price for the conference participants.<\/strong>\u00a0Please fill and send this document to the contacts given in the file.<\/p>\n<p style=\"text-align: justify;\">How to get to the conference site:<\/p>\n<p style=\"text-align: justify;\">Hotel Dubrovnik is located in the very center of Zagreb and is easily accessible from different parts of the city. The Hotel is approximately 0.5 km from Zagreb Central Station, 1 km from the main Bus Station, 5.5 km from Zagreb Fair and 18 km from Zagreb Airport. Zagreb is very well connected by public transport \u2013 trams and buses. Ticket prices in one direction range from 10 to 15 kn, while a daily ticket costs 40 kn, and it is also possible to buy tickets for multiple days. The tram station at Ban Jela\u010di\u0107 Square is only a couple of minutes walk from the Hotel. There are a few taxi companies in Zagreb with very reasonable prices.<\/p>\n<p style=\"text-align: justify;\">The easiest way to get from Zagreb Airport to the Hotel is by taxi, which you can order when making a hotel reservation. The price is 170 kn which is significantly cheaper then if you take a cab outside the airport. You can take a Croatia Airlines bus as well, which leaves after each flight, and brings passengers to the main Bus Station (approximately half an hour, 30 kn). From there you can take tram Nr.6 in the direction of \u010crnomerec. The ride to Ban Jela\u010di\u0107 Square is approximately ten minutes. You can find more information on the website of\u00a0<a href=\"http:\/\/www.zagreb-airport.hr\/en\" target=\"_blank\" rel=\"noopener noreferrer\">Zagreb Airport<\/a>.<\/p>\n<p style=\"text-align: justify;\"><strong>BUS<br \/>\n<\/strong>Getting to the Hotel from the main Bus Station is easiest by tram Nr.6 in the direction of \u010crnomerec. The ride to Ban Jela\u010di\u0107 Square is approximately ten minutes. You can find the schedule of arrivals and departures of domestic and international buses on the website of the <a href=\"http:\/\/www.akz.hr\/default.aspx?id=260\" target=\"_blank\" rel=\"noopener noreferrer\">Main Bus Station<\/a>.<\/p>\n<p style=\"text-align: justify;\"><strong>Train<\/strong><br \/>\nYou can get from Zagreb Central Station to Hotel Dubrovnik easily with tram Nr. 6, in the direction of \u010crnomerec, or tram Nr. 13, direction \u017ditnjak. Hotel Dubrovnik is just two stops away from Zagreb Central Station.\u00a0<a href=\"http:\/\/www.hzpp.hr\/en\" target=\"_blank\" rel=\"noopener noreferrer\">Croatian Railway<\/a>\u00a0website provides more information about schedules for domestic and international travel.<\/p>\n<p style=\"text-align: justify;\"><strong>Car<\/strong><br \/>\nIf you are traveling by car click\u00a0<a href=\"https:\/\/hotel-dubrovnik.hr\/attractions\/hotel-dubrovnik-parking\/\" target=\"_blank\" rel=\"noopener noreferrer\">here<\/a><\/p>\n<p style=\"text-align: center;\"><strong><br \/>\nHotel Address and Map:<\/strong><br \/>\nGajeva 1, HR-10000 Zagreb, Hrvatska, Croatia<\/p>\n<p style=\"text-align: center;\"><iframe loading=\"lazy\" style=\"border: 0;\" src=\"https:\/\/www.google.com\/maps\/embed?pb=!1m18!1m12!1m3!1d2780.9356823864905!2d15.975611729281969!3d45.81254648307375!2m3!1f0!2f0!3f0!3m2!1i1024!2i768!4f13.1!3m3!1m2!1s0x476675ca83ae9c13%3A0xd31e3fe0a5ace31b!2sHotel+Dubrovnik!5e0!3m2!1sen!2sus!4v1533648621454\" width=\"600\" height=\"450\" frameborder=\"0\" allowfullscreen=\"allowfullscreen\"><\/iframe><\/p>\n","protected":false},"excerpt":{"rendered":"<p>InPACT 2019 will be held in Hotel Dubrovnik in Zagreb. Hotel Dubrovnik is a hotel in Zagreb located on the city\u2019s main square that provides a warm and friendly environment with the right dash of Zagreb\u2019s charm and a chance to feel the pulse of Croatia\u2019s dynamic capital. The four star Hotel Dubrovnik has been [&hellip;]<\/p>\n","protected":false},"author":1,"featured_media":0,"parent":0,"menu_order":0,"comment_status":"closed","ping_status":"closed","template":"","meta":{"jetpack_post_was_ever_published":false,"footnotes":""},"class_list":["post-30","page","type-page","status-publish","hentry"],"jetpack_sharing_enabled":true,"jetpack_shortlink":"https:\/\/wp.me\/PbeXb1-u","jetpack_likes_enabled":true,"jetpack-related-posts":[],"_links":{"self":[{"href":"http:\/\/inpact-psychologyconference.org\/2019\/wp-json\/wp\/v2\/pages\/30","targetHints":{"allow":["GET"]}}],"collection":[{"href":"http:\/\/inpact-psychologyconference.org\/2019\/wp-json\/wp\/v2\/pages"}],"about":[{"href":"http:\/\/inpact-psychologyconference.org\/2019\/wp-json\/wp\/v2\/types\/page"}],"author":[{"embeddable":true,"href":"http:\/\/inpact-psychologyconference.org\/2019\/wp-json\/wp\/v2\/users\/1"}],"replies":[{"embeddable":true,"href":"http:\/\/inpact-psychologyconference.org\/2019\/wp-json\/wp\/v2\/comments?post=30"}],"version-history":[{"count":66,"href":"http:\/\/inpact-psychologyconference.org\/2019\/wp-json\/wp\/v2\/pages\/30\/revisions"}],"predecessor-version":[{"id":3042,"href":"http:\/\/inpact-psychologyconference.org\/2019\/wp-json\/wp\/v2\/pages\/30\/revisions\/3042"}],"wp:attachment":[{"href":"http:\/\/inpact-psychologyconference.org\/2019\/wp-json\/wp\/v2\/media?parent=30"}],"curies":[{"name":"wp","href":"https:\/\/api.w.org\/{rel}","templated":true}]}}