{"id":701,"date":"2015-04-20T15:01:06","date_gmt":"2015-04-20T15:01:06","guid":{"rendered":"http:\/\/inpact-psychologyconference.org\/?page_id=701"},"modified":"2022-04-20T11:55:21","modified_gmt":"2022-04-20T11:55:21","slug":"social-event","status":"publish","type":"page","link":"http:\/\/inpact-psychologyconference.org\/2022\/social-event\/","title":{"rendered":"Social Event"},"content":{"rendered":"<p style=\"text-align: justify;\"><strong><br>The Social Event will be on April 24, starting at 15:45. We will depart from the conference venue.<\/strong><br><strong>This event consists of a Panoramic Tour where you will have the opportunity to experience some of Funchal\u2019s beautiful places, followed by DINNER at the <em>&#8220;Restaurante Do Forte&#8221;<\/em>. <\/strong><br><strong>For this visit, it is advisable to use comfortable shoes and clothes.<\/strong><\/p>\n<p style=\"text-align: justify;\">All registered participants are invited to attend the Social Event (Tour + Dinner) that we are organizing for free, <span style=\"text-decoration: underline; color: #ff0000;\">but only upon confirming their attendance in this social event<\/span>, otherwise, we cannot guarantee available seats.<\/p>\n<p style=\"text-align: justify;\">For extra tickets for the Social Event, please contact the <a href=\"mailto:secretariat@inpact-psychologyconference.org\" target=\"_blank\" rel=\"noopener\">secretariat<\/a>.<\/p>\n<p style=\"text-align: justify;\">With this tour, you will enjoy a ride in <em>Telef\u00e9rico do Funchal<\/em>. From the cable car, floating over the city, you can enjoy Funchal\u2019s Amphitheatre, the view of the bay, and reach the top of Monte parish. Watch the city depart, as you climb the slopes and approach a steep landscape fitted by the Atlantic Ocean. After you reach the <em>Monte<\/em>&nbsp;you will enjoy a garden tour at&nbsp;<em>Monte<\/em>&nbsp;Palace Madeira. The&nbsp;<em>Monte<\/em> Palace Madeira occupies an area of 70.000 square meters and houses a great exotic plants collection, coming from all over the world, together with swans and ducks, that populate the central lake and peacocks that stroll free in the main areas of the property. It has both exotic plants native to various countries (Cycads and Protea from South Africa, azaleas from Belgium, heather from Scotland, among others) and indigenous plants from the Madeira forest namely, <em>Laurissilva<\/em>, such as ferns, cedars, laurels, Canary Laurels, etc. The beauty of this tropical garden will speak for itself.<\/p>\n<p style=\"text-align: justify;\">Once the visit to the&nbsp;<em>Monte<\/em> Palace Madeira ends, we will go to the city, ending with a pleasant&nbsp;city tour around Funchal\u2019s most iconic places.<\/p>\n<table class=\" aligncenter\" width=\"567\">\n<tbody>\n<tr>\n<td><img data-recalc-dims=\"1\" loading=\"lazy\" decoding=\"async\" data-attachment-id=\"8134\" data-permalink=\"http:\/\/inpact-psychologyconference.org\/2022\/social-event\/telefericos_madeira_2012_010-1\/#main\" data-orig-file=\"https:\/\/i0.wp.com\/inpact-psychologyconference.org\/2022\/wp-content\/uploads\/2022\/04\/TELEFERICOS_MADEIRA_2012_010-1.jpg?fit=1900%2C1361\" data-orig-size=\"1900,1361\" data-comments-opened=\"0\" data-image-meta=\"{&quot;aperture&quot;:&quot;0&quot;,&quot;credit&quot;:&quot;&quot;,&quot;camera&quot;:&quot;&quot;,&quot;caption&quot;:&quot;&quot;,&quot;created_timestamp&quot;:&quot;0&quot;,&quot;copyright&quot;:&quot;All Rights Reserved&quot;,&quot;focal_length&quot;:&quot;0&quot;,&quot;iso&quot;:&quot;0&quot;,&quot;shutter_speed&quot;:&quot;0&quot;,&quot;title&quot;:&quot;&quot;,&quot;orientation&quot;:&quot;0&quot;}\" data-image-title=\"\" data-image-description=\"\" data-image-caption=\"\" data-medium-file=\"https:\/\/i0.wp.com\/inpact-psychologyconference.org\/2022\/wp-content\/uploads\/2022\/04\/TELEFERICOS_MADEIRA_2012_010-1.jpg?fit=300%2C215\" data-large-file=\"https:\/\/i0.wp.com\/inpact-psychologyconference.org\/2022\/wp-content\/uploads\/2022\/04\/TELEFERICOS_MADEIRA_2012_010-1.jpg?fit=1024%2C734\" class=\"alignleft wp-image-8134\" src=\"https:\/\/i0.wp.com\/inpact-psychologyconference.org\/wp-content\/uploads\/2022\/04\/TELEFERICOS_MADEIRA_2012_010-1-300x215.jpg?resize=251%2C180\" alt=\"\" width=\"251\" height=\"180\" srcset=\"https:\/\/i0.wp.com\/inpact-psychologyconference.org\/2022\/wp-content\/uploads\/2022\/04\/TELEFERICOS_MADEIRA_2012_010-1.jpg?resize=300%2C215 300w, https:\/\/i0.wp.com\/inpact-psychologyconference.org\/2022\/wp-content\/uploads\/2022\/04\/TELEFERICOS_MADEIRA_2012_010-1.jpg?resize=1024%2C734 1024w, https:\/\/i0.wp.com\/inpact-psychologyconference.org\/2022\/wp-content\/uploads\/2022\/04\/TELEFERICOS_MADEIRA_2012_010-1.jpg?resize=768%2C550 768w, https:\/\/i0.wp.com\/inpact-psychologyconference.org\/2022\/wp-content\/uploads\/2022\/04\/TELEFERICOS_MADEIRA_2012_010-1.jpg?resize=1536%2C1100 1536w, https:\/\/i0.wp.com\/inpact-psychologyconference.org\/2022\/wp-content\/uploads\/2022\/04\/TELEFERICOS_MADEIRA_2012_010-1.jpg?w=1900 1900w\" sizes=\"auto, (max-width: 251px) 100vw, 251px\" \/><\/td>\n<td><img data-recalc-dims=\"1\" loading=\"lazy\" decoding=\"async\" data-attachment-id=\"8133\" data-permalink=\"http:\/\/inpact-psychologyconference.org\/2022\/social-event\/monte2\/#main\" data-orig-file=\"https:\/\/i0.wp.com\/inpact-psychologyconference.org\/2022\/wp-content\/uploads\/2022\/04\/monte2.jpg?fit=1900%2C1267\" data-orig-size=\"1900,1267\" data-comments-opened=\"0\" data-image-meta=\"{&quot;aperture&quot;:&quot;0&quot;,&quot;credit&quot;:&quot;&quot;,&quot;camera&quot;:&quot;&quot;,&quot;caption&quot;:&quot;&quot;,&quot;created_timestamp&quot;:&quot;0&quot;,&quot;copyright&quot;:&quot;&quot;,&quot;focal_length&quot;:&quot;0&quot;,&quot;iso&quot;:&quot;0&quot;,&quot;shutter_speed&quot;:&quot;0&quot;,&quot;title&quot;:&quot;&quot;,&quot;orientation&quot;:&quot;0&quot;}\" data-image-title=\"\" data-image-description=\"\" data-image-caption=\"\" data-medium-file=\"https:\/\/i0.wp.com\/inpact-psychologyconference.org\/2022\/wp-content\/uploads\/2022\/04\/monte2.jpg?fit=300%2C200\" data-large-file=\"https:\/\/i0.wp.com\/inpact-psychologyconference.org\/2022\/wp-content\/uploads\/2022\/04\/monte2.jpg?fit=1024%2C683\" class=\"alignleft wp-image-8133\" src=\"https:\/\/i0.wp.com\/inpact-psychologyconference.org\/wp-content\/uploads\/2022\/04\/monte2-300x200.jpg?resize=270%2C180\" alt=\"\" width=\"270\" height=\"180\" srcset=\"https:\/\/i0.wp.com\/inpact-psychologyconference.org\/2022\/wp-content\/uploads\/2022\/04\/monte2.jpg?resize=300%2C200 300w, https:\/\/i0.wp.com\/inpact-psychologyconference.org\/2022\/wp-content\/uploads\/2022\/04\/monte2.jpg?resize=1024%2C683 1024w, https:\/\/i0.wp.com\/inpact-psychologyconference.org\/2022\/wp-content\/uploads\/2022\/04\/monte2.jpg?resize=768%2C512 768w, https:\/\/i0.wp.com\/inpact-psychologyconference.org\/2022\/wp-content\/uploads\/2022\/04\/monte2.jpg?resize=1536%2C1024 1536w, https:\/\/i0.wp.com\/inpact-psychologyconference.org\/2022\/wp-content\/uploads\/2022\/04\/monte2.jpg?w=1900 1900w\" sizes=\"auto, (max-width: 270px) 100vw, 270px\" \/><\/td>\n<td><img data-recalc-dims=\"1\" loading=\"lazy\" decoding=\"async\" data-attachment-id=\"8132\" data-permalink=\"http:\/\/inpact-psychologyconference.org\/2022\/social-event\/monte\/#main\" data-orig-file=\"https:\/\/i0.wp.com\/inpact-psychologyconference.org\/2022\/wp-content\/uploads\/2022\/04\/monte.jpg?fit=1900%2C1267\" data-orig-size=\"1900,1267\" data-comments-opened=\"0\" data-image-meta=\"{&quot;aperture&quot;:&quot;0&quot;,&quot;credit&quot;:&quot;&quot;,&quot;camera&quot;:&quot;&quot;,&quot;caption&quot;:&quot;&quot;,&quot;created_timestamp&quot;:&quot;0&quot;,&quot;copyright&quot;:&quot;&quot;,&quot;focal_length&quot;:&quot;0&quot;,&quot;iso&quot;:&quot;0&quot;,&quot;shutter_speed&quot;:&quot;0&quot;,&quot;title&quot;:&quot;&quot;,&quot;orientation&quot;:&quot;0&quot;}\" data-image-title=\"\" data-image-description=\"\" data-image-caption=\"\" data-medium-file=\"https:\/\/i0.wp.com\/inpact-psychologyconference.org\/2022\/wp-content\/uploads\/2022\/04\/monte.jpg?fit=300%2C200\" data-large-file=\"https:\/\/i0.wp.com\/inpact-psychologyconference.org\/2022\/wp-content\/uploads\/2022\/04\/monte.jpg?fit=1024%2C683\" class=\"alignleft wp-image-8132\" src=\"https:\/\/i0.wp.com\/inpact-psychologyconference.org\/wp-content\/uploads\/2022\/04\/monte-300x200.jpg?resize=270%2C180\" alt=\"\" width=\"270\" height=\"180\" srcset=\"https:\/\/i0.wp.com\/inpact-psychologyconference.org\/2022\/wp-content\/uploads\/2022\/04\/monte.jpg?resize=300%2C200 300w, https:\/\/i0.wp.com\/inpact-psychologyconference.org\/2022\/wp-content\/uploads\/2022\/04\/monte.jpg?resize=1024%2C683 1024w, https:\/\/i0.wp.com\/inpact-psychologyconference.org\/2022\/wp-content\/uploads\/2022\/04\/monte.jpg?resize=768%2C512 768w, https:\/\/i0.wp.com\/inpact-psychologyconference.org\/2022\/wp-content\/uploads\/2022\/04\/monte.jpg?resize=1536%2C1024 1536w, https:\/\/i0.wp.com\/inpact-psychologyconference.org\/2022\/wp-content\/uploads\/2022\/04\/monte.jpg?w=1900 1900w\" sizes=\"auto, (max-width: 270px) 100vw, 270px\" \/><\/td>\n<\/tr>\n<\/tbody>\n<\/table>\n<p>&nbsp;<\/p>\n<p style=\"text-align: justify;\">After the tour, we will go to the restaurant and enjoy the best of Madeira gastronomy. An unforgettable evening full of new experiences!<\/p>\n<p style=\"text-align: justify;\"><strong><img data-recalc-dims=\"1\" loading=\"lazy\" decoding=\"async\" data-attachment-id=\"8100\" data-permalink=\"http:\/\/inpact-psychologyconference.org\/2022\/sponsors-and-partners\/en-logo-legenda-preto-03\/#main\" data-orig-file=\"https:\/\/i0.wp.com\/inpact-psychologyconference.org\/2022\/wp-content\/uploads\/2022\/04\/En-logo-legenda-preto-03.png?fit=900%2C386\" data-orig-size=\"900,386\" data-comments-opened=\"0\" data-image-meta=\"{&quot;aperture&quot;:&quot;0&quot;,&quot;credit&quot;:&quot;&quot;,&quot;camera&quot;:&quot;&quot;,&quot;caption&quot;:&quot;&quot;,&quot;created_timestamp&quot;:&quot;0&quot;,&quot;copyright&quot;:&quot;&quot;,&quot;focal_length&quot;:&quot;0&quot;,&quot;iso&quot;:&quot;0&quot;,&quot;shutter_speed&quot;:&quot;0&quot;,&quot;title&quot;:&quot;&quot;,&quot;orientation&quot;:&quot;0&quot;}\" data-image-title=\"En-logo-legenda-preto-03\" data-image-description=\"\" data-image-caption=\"\" data-medium-file=\"https:\/\/i0.wp.com\/inpact-psychologyconference.org\/2022\/wp-content\/uploads\/2022\/04\/En-logo-legenda-preto-03.png?fit=300%2C129\" data-large-file=\"https:\/\/i0.wp.com\/inpact-psychologyconference.org\/2022\/wp-content\/uploads\/2022\/04\/En-logo-legenda-preto-03.png?fit=900%2C386\" class=\"wp-image-8100 size-medium alignright\" src=\"https:\/\/i0.wp.com\/inpact-psychologyconference.org\/wp-content\/uploads\/2022\/04\/En-logo-legenda-preto-03-300x129.png?resize=300%2C129\" alt=\"\" width=\"300\" height=\"129\" srcset=\"https:\/\/i0.wp.com\/inpact-psychologyconference.org\/2022\/wp-content\/uploads\/2022\/04\/En-logo-legenda-preto-03.png?resize=300%2C129 300w, https:\/\/i0.wp.com\/inpact-psychologyconference.org\/2022\/wp-content\/uploads\/2022\/04\/En-logo-legenda-preto-03.png?resize=768%2C329 768w, https:\/\/i0.wp.com\/inpact-psychologyconference.org\/2022\/wp-content\/uploads\/2022\/04\/En-logo-legenda-preto-03.png?w=900 900w\" sizes=\"auto, (max-width: 300px) 100vw, 300px\" \/><\/strong><\/p>\n<p style=\"text-align: left;\"><strong><em>&#8220;Restaurante Do Forte&#8221;<\/em> address:<br><\/strong>Rua do Port\u00e3o de S\u00e3o Tiago,<br>Forte de S\u00e3o Tiago,<br>9060-250, Funchal<\/p>\n<p style=\"text-align: justify;\">Image credits: Telef\u00e9rico do Funchal website<\/p>\n\n\n<p><\/p>\n","protected":false},"excerpt":{"rendered":"<p>The Social Event will be on April 24, starting at 15:45. We will depart from the conference venue.This event consists of a Panoramic Tour where you will have the opportunity to experience some of Funchal\u2019s beautiful places, followed by DINNER at the &#8220;Restaurante Do Forte&#8221;. For this visit, it is advisable to use comfortable shoes [&hellip;]<\/p>\n","protected":false},"author":1,"featured_media":0,"parent":0,"menu_order":0,"comment_status":"closed","ping_status":"closed","template":"","meta":{"jetpack_post_was_ever_published":false,"footnotes":""},"class_list":["post-701","page","type-page","status-publish","hentry"],"jetpack_sharing_enabled":true,"jetpack_shortlink":"https:\/\/wp.me\/PedbW9-bj","jetpack_likes_enabled":true,"jetpack-related-posts":[],"_links":{"self":[{"href":"http:\/\/inpact-psychologyconference.org\/2022\/wp-json\/wp\/v2\/pages\/701","targetHints":{"allow":["GET"]}}],"collection":[{"href":"http:\/\/inpact-psychologyconference.org\/2022\/wp-json\/wp\/v2\/pages"}],"about":[{"href":"http:\/\/inpact-psychologyconference.org\/2022\/wp-json\/wp\/v2\/types\/page"}],"author":[{"embeddable":true,"href":"http:\/\/inpact-psychologyconference.org\/2022\/wp-json\/wp\/v2\/users\/1"}],"replies":[{"embeddable":true,"href":"http:\/\/inpact-psychologyconference.org\/2022\/wp-json\/wp\/v2\/comments?post=701"}],"version-history":[{"count":56,"href":"http:\/\/inpact-psychologyconference.org\/2022\/wp-json\/wp\/v2\/pages\/701\/revisions"}],"predecessor-version":[{"id":8439,"href":"http:\/\/inpact-psychologyconference.org\/2022\/wp-json\/wp\/v2\/pages\/701\/revisions\/8439"}],"wp:attachment":[{"href":"http:\/\/inpact-psychologyconference.org\/2022\/wp-json\/wp\/v2\/media?parent=701"}],"curies":[{"name":"wp","href":"https:\/\/api.w.org\/{rel}","templated":true}]}}