{"id":24,"date":"2014-04-09T17:07:20","date_gmt":"2014-04-09T17:07:20","guid":{"rendered":"http:\/\/inpact-psychologyconference.org\/?page_id=24"},"modified":"2020-03-12T11:06:09","modified_gmt":"2020-03-12T11:06:09","slug":"scientific-committee","status":"publish","type":"page","link":"https:\/\/inpact-psychologyconference.org\/2020\/scientific-committee\/","title":{"rendered":"Scientific Committee"},"content":{"rendered":"<p style=\"text-align: justify;\"><span style=\"color: #ff6600;\"><strong>Conference and Program Co-Chairs<\/strong><\/span><\/p>\n<p style=\"text-align: justify;\"><strong>Clara Pracana<\/strong><br \/>\nFull and Training member of the Portuguese Association of Psychoanalysis and Psychoanalytic Psychotherapy, Portugal<\/p>\n<p style=\"text-align: justify;\"><strong>Michael Wang<\/strong><br \/>\nEmeritus Professor of Clinical Psychology, University of Leicester, United Kingdom<\/p>\n<p>&nbsp;<\/p>\n<p style=\"text-align: justify;\"><span style=\"color: #ff6600;\"><strong>International Scientific Committee<\/strong><\/span><\/p>\n<p>A. Nuray&nbsp;Karanci,&nbsp;Middle East Technical University,&nbsp;Turkey<br \/>\nAc\u00e1cia&nbsp;Santos,&nbsp;S\u00e3o Francisco University,&nbsp;Brazil<br \/>\nAdam&nbsp;Lewin,&nbsp;University of South Florida,&nbsp;USA<br \/>\nAdilia&nbsp;Silva,&nbsp;Independent Researcher\/Clinician,&nbsp;South Africa<br \/>\nAdriana&nbsp;Baban,&nbsp;Babes-Bolyai University,&nbsp;Romania<br \/>\nAdriane&nbsp;Roso,&nbsp;Universidade Federal de Santa Maria &#8211; UFSM,&nbsp;Brazil<br \/>\nAgata&nbsp;Wawrzyniak,&nbsp;University of Szczecin,&nbsp;Poland<br \/>\nAli Kemal&nbsp;Tekin,&nbsp;Sultan Qaboos University,&nbsp;Oman<br \/>\nAlipio&nbsp;S\u00e1nchez Vidal,&nbsp;University of Barcelona,&nbsp;Spain<br \/>\nAlois&nbsp;Ghergut,&nbsp;University Alexandru Ioan Cuza from Iasi,&nbsp;Romania<br \/>\nAna Paula Couceiro&nbsp;Figueira,&nbsp;University of Coimbra,&nbsp;Portugal<br \/>\nAndr\u00e9 Francisco&nbsp;Pilon,&nbsp;University of S\u00e3o Paulo,&nbsp;Brazil<br \/>\nAndrea&nbsp;Guazzini,&nbsp;University of Florence,&nbsp;Italy<br \/>\nAndreja&nbsp;Bubic,&nbsp;University of Split,&nbsp;Croatia<br \/>\nAneta&nbsp;Pasternak,&nbsp;Warsaw Management University,&nbsp;Poland<br \/>\nAnna&nbsp;Alexandrova-Karamanova,&nbsp;Institute for Population and Human Studies &#8211; Bulgarian Academy of Sciences,&nbsp;Bulgaria<br \/>\nAnna&nbsp;Janovsk\u00e1,&nbsp;Pavol Jozef \u0160af\u00e1rik University in Ko\u0161ice,&nbsp;Slovakia<br \/>\nAnne-Marie&nbsp;\u00c9mond,&nbsp;Universit\u00e9 de Montr\u00e9al,&nbsp;Canada<br \/>\nAnton&nbsp;James,&nbsp;The British Psychological Society,&nbsp;United Kingdom<br \/>\nAntonio&nbsp;Aiello,&nbsp;University of Pisa,&nbsp;Italy<br \/>\nArt&nbsp;Blume,&nbsp;Washington State University,&nbsp;USA<br \/>\nAtmane Ikhlef,&nbsp;Independent Consultant\/ Researcher,&nbsp;Algeria<br \/>\nAuks\u0117 Endriulaitien\u0117,&nbsp;Vytautas Magnus University,&nbsp;Lithuania<br \/>\nAurora Adina&nbsp;Colomeischi,&nbsp;Stefan cel Mare University,&nbsp;Romania<br \/>\nAyse Esra&nbsp;Aslan,&nbsp;Istanbul University,&nbsp;Turkey<br \/>\nBarbara W\u0105sikowska,&nbsp;University of Szczecin,&nbsp;Poland<br \/>\nBa\u015fak Bahtiyar,&nbsp;Maltepe University,&nbsp;Turkey<br \/>\nBeatriz&nbsp;Delgado Domenech,&nbsp;University of Alicante,&nbsp;Spain<br \/>\nBinnur&nbsp;Yesilyaprak,&nbsp;Ankara University,&nbsp;Turkey<br \/>\nCharles David&nbsp;Tauber,&nbsp;Coalition for Work with Psychotrauma and Peace (CWWPP),&nbsp;Croatia<br \/>\nChris&nbsp;McVittie,&nbsp;Queen Margaret University,&nbsp;United Kingdom<br \/>\nClaudio&nbsp;Sica,&nbsp;University of Firenze,&nbsp;Italy<br \/>\nColette Dufresne-Tass\u00e9,&nbsp;Universit\u00e9 de Montr\u00e9al,&nbsp;Canada<br \/>\nDanijela S. Petrovi\u0107,&nbsp;University of Belgrade,&nbsp;Serbia<br \/>\nDaragh T.&nbsp;Mcdermott,&nbsp;Anglia Ruskin University,&nbsp;United Kingdom<br \/>\nDavid&nbsp;Aparisi,&nbsp;Universidad de Alicante,&nbsp;Spain<br \/>\nDeborah&nbsp;Wooldridge ,&nbsp;Bowling Green State University,&nbsp;USA<br \/>\nDweep Chand&nbsp;Singh,&nbsp;AIBHAS, Amity University Uttar Pradesh, NOIDA,&nbsp;India<br \/>\nEderaldo J.&nbsp;Lopes,&nbsp;Federal University of Uberl\u00e2ndia,&nbsp;Brazil<br \/>\nEdwin&nbsp;Herazo,&nbsp;Human Behavioral Research Institute,&nbsp;Colombia<br \/>\nEkaterina&nbsp;Usmanova,&nbsp;Saint Petersburg State University,&nbsp;Russia<br \/>\nEl\u00e7in Sakmar Balkan,&nbsp;Yale University,&nbsp;USA<br \/>\nElena&nbsp;Levchenko,&nbsp;Perm State University,&nbsp;Russia<br \/>\nElena&nbsp;Rodionova,&nbsp;Saint-Petersburg University,&nbsp;Russia<br \/>\nElenita M.&nbsp;Tiamzon,&nbsp;World Citi Colleges,&nbsp;Philippines<br \/>\nEmel Kuruo\u011flu,&nbsp;Dokuz Eylul University,&nbsp;Turkey<br \/>\nEmerson&nbsp;Rasera,&nbsp;Federal University of Uberlandia,&nbsp;Brazil<br \/>\nEleni Petkari,&nbsp;Queen Mary University London,&nbsp;United Kingdom<br \/>\nFotios&nbsp;Anagnostopoulos,&nbsp;Panteion University of Social &amp; Political Sciences,&nbsp;Greece<br \/>\nGandharva&nbsp;Joshi,&nbsp;Saurashtra University,&nbsp;India<br \/>\nGordana \u0110igi\u0107,&nbsp;University of Ni\u0161,&nbsp;Serbia<br \/>\nGordana Jovanovi\u0107,&nbsp;University of Belgrade,&nbsp;Serbia<br \/>\nGustavo&nbsp;Martineli Massola,&nbsp;University of S\u00e3o Paulo,&nbsp;Brazil<br \/>\nHayder&nbsp;Al-Jouranj,&nbsp;Human Rights Institute,&nbsp;Finland<br \/>\nIsabella&nbsp;Corradini,&nbsp;Themis Research Centre,&nbsp;Italy<br \/>\nJakob&nbsp;Pietschnig,&nbsp;University of Vienna,&nbsp;Austria<br \/>\nJelisaveta Todorovi\u0107,&nbsp;University of Ni\u0161,&nbsp;Serbia<br \/>\nJimmy&nbsp;Bordarie,&nbsp;University of Tours,&nbsp;France<br \/>\nJoanne&nbsp;Dickson,&nbsp;Edith Cowan University,&nbsp;Australia<br \/>\nKamna&nbsp;Chhibber,&nbsp;Fortis Healthcare,&nbsp;India<br \/>\nKonstantinos&nbsp;Kafetsios,&nbsp;Aristotle University of Thessaloniki,&nbsp;Greece<br \/>\nKristi&nbsp;K\u00f5iv,&nbsp;University of Tartu,&nbsp;Estonia<br \/>\nKyle A.&nbsp;Msall,&nbsp;Zayed University,&nbsp;United Arab Emirates<br \/>\nLada&nbsp;Kalisk\u00e1,&nbsp;Matej Bel University,&nbsp;Slovakia<br \/>\nLaura&nbsp;Furcsa,&nbsp;Eszterh\u00e1zy K\u00e1roly University,&nbsp;Hungary<br \/>\nLilly&nbsp;Both,&nbsp;University of New Brunswick in Saint John,&nbsp;Canada<br \/>\nLisa&nbsp;Best,&nbsp;University of New Brunswick,&nbsp;Canada<br \/>\nLjiljana&nbsp;Gregov,&nbsp;University of Zadar,&nbsp;Croatia<br \/>\nLoreta Buk\u0161nyt\u0117-Marmien\u0117,&nbsp;Vytautas Magnus University,&nbsp;Lithuania<br \/>\nLuca&nbsp;Cerniglia,&nbsp;Universit\u00e0 Telematica Internazionale UNINETTUNO,&nbsp;Italy<br \/>\nLuis Alberto&nbsp;Casado Aranda,&nbsp;University of Granada,&nbsp;Spain<br \/>\nMagdalena&nbsp;Poraj-Weder,&nbsp;The Maria Grzegorzewska University,&nbsp;Poland<br \/>\nMarcelo F.&nbsp;Costa,&nbsp;University of S\u00e3o Paulo,&nbsp;Brazil<br \/>\nMarco&nbsp;Vassallo,&nbsp;Council for Agricultural Research and Economics (CREA),&nbsp;Italy<br \/>\nMargit&nbsp;H\u00f6fler,&nbsp;Danube University Krems,&nbsp;Austria<br \/>\nMaria&nbsp;Iakovleva,&nbsp;Saint Petersburg State University,&nbsp;Russia<br \/>\nMartin&nbsp;Eisemann,&nbsp;Tromso University,&nbsp;Norway<br \/>\nMary (Rina) M.&nbsp;Chittooran,&nbsp;Saint Louis University,&nbsp;USA<br \/>\nMeba Alphonse&nbsp;Kanda,&nbsp;West Rand Health District \/ University of South Africa,&nbsp;South Africa<br \/>\nMeral At\u0131c\u0131,&nbsp;\u00c7ukurova University,&nbsp;Turkey<br \/>\nMeyran&nbsp;Boniel-Nissim,&nbsp;Kinneret Academic College,&nbsp;Israel<br \/>\nMichael Lindsey, Southern Methodist University \/ Nestor Consultants, USA<br \/>\nMichael&nbsp;Zeiler,&nbsp;Medical University of Vienna,&nbsp;Austria<br \/>\nMiroslava K\u00f6verov\u00e1,&nbsp;Pavol Jozef \u0160af\u00e1rik University in Ko\u0161ice,&nbsp;Slovakia<br \/>\nMojca Juri\u0161evi\u010d,&nbsp;University of Ljubljana, Faculty of Education,&nbsp;Slovenia<br \/>\nNadia&nbsp;Mateeva,&nbsp;Bulgarian Academy of Sciences,&nbsp;Bulgaria<br \/>\nNeala Ambrosi-Randi\u0107,&nbsp;Juraj Dobrila University of Pula,&nbsp;Croatia<br \/>\nNorihiro&nbsp;Kuroishi,&nbsp;International Christian University,&nbsp;Japan<br \/>\nNuria&nbsp;Carriedo,&nbsp;UNED &#8211; Universidad Nacional de Educaci\u00f3n a Distancia,&nbsp;Spain<br \/>\nOlga&nbsp;Deyneka,&nbsp;Saint Petersburg State University,&nbsp;Russia<br \/>\nOlga Orosov\u00e1,&nbsp;Pavol Jozef \u0160af\u00e1rik University in Ko\u0161ice,&nbsp;Slovakia<br \/>\nOlga&nbsp;Tararukhina,&nbsp;Saint Petersburg State University,&nbsp;Russia<br \/>\nOmar&nbsp;Rahman,&nbsp;University of South Florida,&nbsp;USA<br \/>\nOtilia&nbsp;Clipa,&nbsp;Stefan cel Mare University,&nbsp;Romania<br \/>\nPaolo&nbsp;Valerio,&nbsp;Naples University Federico II,&nbsp;Italy<br \/>\nP\u00e1raic Scanlon,&nbsp;Birmingham City University,&nbsp;United Kingdom<br \/>\nPatrizia&nbsp;Meringolo,&nbsp;Universit\u00e0 degli Studi di Firenze,&nbsp;Italy<br \/>\nPlamen&nbsp;Dimitrov,&nbsp;PsyNet &#8211; Professional Network of Psychologists in Private Practice,&nbsp;Bulgaria<br \/>\nRamadan&nbsp;A. Ahmed,&nbsp;Kuwait University,&nbsp;Kuwait<br \/>\nRegina&nbsp;Fern\u00e1ndez Morales,&nbsp;Universidad Rafael Landivar,&nbsp;Guatemala<br \/>\nRonald&nbsp;Hambleton,&nbsp;University of Massachusetts,&nbsp;USA<br \/>\nRoxana-Maria&nbsp;Ghia\u021b\u0103u,&nbsp;Alexandru Ioan Cuza University, Iasi,&nbsp;Romania<br \/>\nSam&nbsp;Vaknin,&nbsp;Southern Federal University \/ CIAPS &#8211; Centre for International Advanced and Professional Studies,&nbsp;Russia<br \/>\nSamir&nbsp;Parikh,&nbsp;Fortis Healthcare,&nbsp;India<br \/>\nSema&nbsp;Karakelle,&nbsp;Istanbul University,&nbsp;Turkey<br \/>\nSharo (Shahrokh)&nbsp;Shafaie,&nbsp;Southeast Missouri State University,&nbsp;USA<br \/>\nShulamith&nbsp;Kreitler,&nbsp;Tel-Aviv University,&nbsp;Israel<br \/>\nSilvia&nbsp;Cimino,&nbsp;Sapienza University of Rome,&nbsp;Italy<br \/>\nSne\u017eana Stojiljkovi\u0107,&nbsp;University of Ni\u0161,&nbsp;Serbia<br \/>\nSonia&nbsp;Grubits,&nbsp;Dom Bosco Catholic University,&nbsp;Brazil<br \/>\nStefan&nbsp;H\u00f6fer,&nbsp;Innsbruck Medical University,&nbsp;Austria<br \/>\nSuppiah&nbsp;Nachiappan,&nbsp;Sultan Idris Education University,&nbsp;Malaysia<br \/>\nSuzie&nbsp;Savvidou,&nbsp;The University of Sheffield International Faculty, CITY College,&nbsp;Greece<br \/>\nTali&nbsp;Heiman,&nbsp;The Open University of Israel,&nbsp;Israel<br \/>\nVeena&nbsp;Easvaradoss,&nbsp;Women&#8217;s Christian College, Chennai,&nbsp;India<br \/>\nVictor&nbsp;Martinelli,&nbsp;University of Malta,&nbsp;Malta<br \/>\nVildan&nbsp;Mevsim,&nbsp;Dokuz Eylul University,&nbsp;Turkey<br \/>\nVittore&nbsp;Perruci,&nbsp;Universit\u00e0 della Valle d&#8217;Aosta,&nbsp;Italy<br \/>\nVladislav&nbsp;Dominiak,&nbsp;Saint-Petersburg State University,&nbsp;Russia<br \/>\nWallace&nbsp;Wong,&nbsp;Diversity Emotional Wellness Center,&nbsp;Canada<br \/>\nWerner&nbsp;Leitner,&nbsp;IB Hochschule,&nbsp;Germany<br \/>\nYonghui&nbsp;Wang,&nbsp;Shaanxi Normal University,&nbsp;China<br \/>\nYoriko&nbsp;Sano,&nbsp;Kanto Gakuin University,&nbsp;Japan<br \/>\nYoshitaka&nbsp;Yamazaki,&nbsp;Bunkyo University,&nbsp;Japan<br \/>\nZoe&nbsp;Bablekou,&nbsp;Aristotle University of Thessaloniki,&nbsp;Greece<br \/>\nZvjezdan Penezi\u0107,&nbsp;University of Zadar,&nbsp;Croatia<\/p>\n","protected":false},"excerpt":{"rendered":"<p>Conference and Program Co-Chairs Clara Pracana Full and Training member of the Portuguese Association of Psychoanalysis and Psychoanalytic Psychotherapy, Portugal Michael Wang Emeritus Professor of Clinical Psychology, University of Leicester, United Kingdom &nbsp; International Scientific Committee A. Nuray&nbsp;Karanci,&nbsp;Middle East Technical University,&nbsp;Turkey Ac\u00e1cia&nbsp;Santos,&nbsp;S\u00e3o Francisco University,&nbsp;Brazil Adam&nbsp;Lewin,&nbsp;University of South Florida,&nbsp;USA Adilia&nbsp;Silva,&nbsp;Independent Researcher\/Clinician,&nbsp;South Africa Adriana&nbsp;Baban,&nbsp;Babes-Bolyai University,&nbsp;Romania Adriane&nbsp;Roso,&nbsp;Universidade Federal [&hellip;]<\/p>\n","protected":false},"author":1,"featured_media":0,"parent":0,"menu_order":0,"comment_status":"closed","ping_status":"open","template":"","meta":{"jetpack_post_was_ever_published":false,"footnotes":""},"class_list":["post-24","page","type-page","status-publish","hentry"],"jetpack_sharing_enabled":true,"jetpack_shortlink":"https:\/\/wp.me\/P4wzfb-o","jetpack_likes_enabled":true,"jetpack-related-posts":[],"_links":{"self":[{"href":"https:\/\/inpact-psychologyconference.org\/2020\/wp-json\/wp\/v2\/pages\/24","targetHints":{"allow":["GET"]}}],"collection":[{"href":"https:\/\/inpact-psychologyconference.org\/2020\/wp-json\/wp\/v2\/pages"}],"about":[{"href":"https:\/\/inpact-psychologyconference.org\/2020\/wp-json\/wp\/v2\/types\/page"}],"author":[{"embeddable":true,"href":"https:\/\/inpact-psychologyconference.org\/2020\/wp-json\/wp\/v2\/users\/1"}],"replies":[{"embeddable":true,"href":"https:\/\/inpact-psychologyconference.org\/2020\/wp-json\/wp\/v2\/comments?post=24"}],"version-history":[{"count":191,"href":"https:\/\/inpact-psychologyconference.org\/2020\/wp-json\/wp\/v2\/pages\/24\/revisions"}],"predecessor-version":[{"id":3896,"href":"https:\/\/inpact-psychologyconference.org\/2020\/wp-json\/wp\/v2\/pages\/24\/revisions\/3896"}],"wp:attachment":[{"href":"https:\/\/inpact-psychologyconference.org\/2020\/wp-json\/wp\/v2\/media?parent=24"}],"curies":[{"name":"wp","href":"https:\/\/api.w.org\/{rel}","templated":true}]}}