{"id":24,"date":"2014-04-09T17:07:20","date_gmt":"2014-04-09T17:07:20","guid":{"rendered":"http:\/\/inpact-psychologyconference.org\/?page_id=24"},"modified":"2021-05-11T09:13:33","modified_gmt":"2021-05-11T09:13:33","slug":"scientific-committee","status":"publish","type":"page","link":"https:\/\/inpact-psychologyconference.org\/2021\/scientific-committee\/","title":{"rendered":"Scientific Committee"},"content":{"rendered":"<p>&nbsp;<\/p>\n<p style=\"text-align: justify;\"><span style=\"color: #ff6600;\"><strong>Conference and Program Co-Chairs<\/strong><\/span><\/p>\n<p style=\"text-align: justify;\">Clara Pracana<br \/>\nFull and Training member of the Portuguese Association of Psychoanalysis and Psychoanalytic Psychotherapy, Portugal<\/p>\n<p style=\"text-align: justify;\">Michael Wang<br \/>\nEmeritus Professor of Clinical Psychology, University of Leicester, United Kingdom<\/p>\n<p>&nbsp;<\/p>\n<p style=\"text-align: justify;\"><span style=\"color: #ff6600;\"><strong>International Scientific Committee<\/strong><\/span><\/p>\n<p>Abdulqawi Salim&nbsp;Alzubaidi,&nbsp;Sanaa University,&nbsp;Yemen<br \/>\nAc\u00e1cia&nbsp;Santos,&nbsp;S\u00e3o Francisco University,&nbsp;Brazil<br \/>\nAdam&nbsp;Lewin,&nbsp;University of South Florida,&nbsp;USA<br \/>\nAdilia&nbsp;Silva,&nbsp;Independent Researcher\/Clinician,&nbsp;South Africa<br \/>\nAdriana&nbsp;Baban,&nbsp;Babes-Bolyai University,&nbsp;Romania<br \/>\nAlexia&nbsp;Carrizales,&nbsp;University of Franche-Comt\u00e9,&nbsp;France<br \/>\nAlois&nbsp;Ghergut,&nbsp;University Alexandru Ioan Cuza from Iasi,&nbsp;Romania<br \/>\nAna Paula Couceiro&nbsp;Figueira,&nbsp;University of Coimbra,&nbsp;Portugal<br \/>\nAndrea&nbsp;Guazzini,&nbsp;University of Florence,&nbsp;Italy<br \/>\nAndreja&nbsp;Bubic,&nbsp;University of Split,&nbsp;Croatia<br \/>\nAneta&nbsp;Pasternak,&nbsp;Warsaw Management University,&nbsp;Poland<br \/>\nAnna&nbsp;Alexandrova-Karamanova,&nbsp;Institute for Population and Human Studies &#8211; BAS,&nbsp;Bulgaria<br \/>\nAnna&nbsp;Janovsk\u00e1,&nbsp;Pavol Jozef \u0160af\u00e1rik University in Ko\u0161ice,&nbsp;Slovakia<br \/>\nAnne-Marie&nbsp;\u00c9mond,&nbsp;Universit\u00e9 de Montr\u00e9al,&nbsp;Canada<br \/>\nAtmane Ikhlef,&nbsp;Independent Consultant\/ Researcher,&nbsp;Algeria<br \/>\nAudrey Moco-Daijardin,&nbsp;University of Nice Cote d&#8217;Azur,&nbsp;France<br \/>\nAuks\u0117 Endriulaitien\u0117,&nbsp;Vytautas Magnus University,&nbsp;Lithuania<br \/>\nBeatriz&nbsp;Delgado Domenech,&nbsp;University of Alicante,&nbsp;Spain<br \/>\nBinnur&nbsp;Yesilyaprak,&nbsp;Ankara University,&nbsp;Turkey<br \/>\nBreeda&nbsp;McGrath,&nbsp;The Chicago School of Professional Psychology,&nbsp;USA<br \/>\nCharles David&nbsp;Tauber,&nbsp;Coalition for Work with Psychotrauma and Peace (CWWPP),&nbsp;Croatia<br \/>\nChris&nbsp;McVittie,&nbsp;Queen Margaret University,&nbsp;United Kingdom<br \/>\nColette Dufresne-Tass\u00e9,&nbsp;Universit\u00e9 de Montr\u00e9al,&nbsp;Canada<br \/>\nDanijela S. Petrovi\u0107,&nbsp;University of Belgrade,&nbsp;Serbia<br \/>\nDavid&nbsp;Aparisi,&nbsp;Universidad de Alicante,&nbsp;Spain<br \/>\nDweep Chand&nbsp;Singh,&nbsp;AIBHAS, Amity University Uttar Pradesh, NOIDA,&nbsp;India<br \/>\nEderaldo J.&nbsp;Lopes,&nbsp;Federal University of Uberl\u00e2ndia,&nbsp;Brazil<br \/>\nEl\u00e7in Sakmar Balkan,&nbsp;Yale University,&nbsp;USA<br \/>\nElena&nbsp;Levchenko,&nbsp;Perm State University,&nbsp;Russia<br \/>\nElena&nbsp;Lis\u00e1,&nbsp;Comenius University in Bratislava,&nbsp;Slovakia<br \/>\nElena&nbsp;Rodionova,&nbsp;Saint-Petersburg University,&nbsp;Russia<br \/>\nElenita M.&nbsp;Tiamzon,&nbsp;World Citi Colleges,&nbsp;Philippines<br \/>\nEmel Kuruo\u011flu,&nbsp;Dokuz Eylul University,&nbsp;Turkey<br \/>\nEmerson&nbsp;Rasera,&nbsp;Federal University of Uberl\u00e2ndia,&nbsp;Brazil<br \/>\nEP&nbsp;Petkari,&nbsp;Universidad Internacional de la Rioja,&nbsp;Spain<br \/>\nFotios&nbsp;Anagnostopoulos,&nbsp;Panteion University of Social &amp; Political Sciences,&nbsp;Greece<br \/>\nGandharva&nbsp;Joshi,&nbsp;Saurashtra University,&nbsp;India<br \/>\nGordana \u0110igi\u0107,&nbsp;University of Ni\u0161,&nbsp;Serbia<br \/>\nGordana Jovanovi\u0107,&nbsp;University of Belgrade,&nbsp;Serbia<br \/>\nHayder&nbsp;Al-Jouranj,&nbsp;Human Rights Institute \/ \u00c5bo Akademi University,&nbsp;Finland<br \/>\nIsabella&nbsp;Corradini,&nbsp;Themis Research Centre,&nbsp;Italy<br \/>\nJakob&nbsp;Pietschnig,&nbsp;University of Vienna,&nbsp;Austria<br \/>\nJana Schr\u00f6tter,&nbsp;Pavol Jozef \u0160af\u00e1rik University in Ko\u0161ice,&nbsp;Slovakia<br \/>\nJelena Opsenica Kosti\u0107,&nbsp;University of Ni\u0161,&nbsp;Serbia<br \/>\nJelisaveta Todorovi\u0107,&nbsp;University of Ni\u0161,&nbsp;Serbia<br \/>\nJoanne&nbsp;Dickson,&nbsp;Edith Cowan University,&nbsp;Australia<br \/>\nKatar\u00edna Gre\u0161kovi\u010dov\u00e1,&nbsp;Comenius University in Bratislava,&nbsp;Slovakia<br \/>\nKatherine&nbsp;Makarec,&nbsp;William Paterson University,&nbsp;USA<br \/>\nKostas A.&nbsp;Fanti,&nbsp;University of Cyprus,&nbsp;Cyprus<br \/>\nKristi&nbsp;K\u00f5iv,&nbsp;University of Tartu,&nbsp;Estonia<br \/>\nKristina Ran\u0111elovi\u0107,&nbsp;University of Ni\u0161,&nbsp;Serbia<br \/>\nKyle A.&nbsp;Msall,&nbsp;Zayed University,&nbsp;United Arab Emirates<br \/>\nLada&nbsp;Kalisk\u00e1,&nbsp;Matej Bel University,&nbsp;Slovakia<br \/>\nLaura&nbsp;Furcsa,&nbsp;Eszterh\u00e1zy K\u00e1roly University,&nbsp;Hungary<br \/>\nLiliana Mata, \u201dVasile Alecsandri&#8221; University of Bacau, Romania<br \/>\nLilly&nbsp;Both,&nbsp;University of New Brunswick in Saint John,&nbsp;Canada<br \/>\nLisa&nbsp;Best,&nbsp;University of New Brunswick,&nbsp;Canada<br \/>\nLoreta Buk\u0161nyt\u0117-Marmien\u0117,&nbsp;Vytautas Magnus University,&nbsp;Lithuania<br \/>\nLuca&nbsp;Cerniglia,&nbsp;Universit\u00e0 Telematica Internazionale UNINETTUNO,&nbsp;Italy<br \/>\nLucia&nbsp;Barbierik,&nbsp;Pavol Jozef \u0160af\u00e1rik University in Ko\u0161ice,&nbsp;Slovakia<br \/>\nLuis Alberto&nbsp;Casado Aranda,&nbsp;University of Granada,&nbsp;Spain<br \/>\nMagdalena&nbsp;Poraj-Weder,&nbsp;The Maria Grzegorzewska University,&nbsp;Poland<br \/>\nMarcelo F.&nbsp;Costa,&nbsp;University of S\u00e3o Paulo,&nbsp;Brazil<br \/>\nMarco&nbsp;Vassallo,&nbsp;Council for Agricultural Research and Economics (CREA),&nbsp;Italy<br \/>\nMargit&nbsp;H\u00f6fler,&nbsp;Danube University Krems,&nbsp;Austria<br \/>\nMaria&nbsp;Iakovleva,&nbsp;Saint Petersburg State University,&nbsp;Russia<br \/>\nMarina&nbsp;Bardyshevskaya,&nbsp;Lomonosov Moscow State University,&nbsp;Russia<br \/>\nMartin&nbsp;Eisemann,&nbsp;Tromso University,&nbsp;Norway<br \/>\nMary (Rina) M.&nbsp;Chittooran,&nbsp;Saint Louis University,&nbsp;USA<br \/>\nMeba Alphonse&nbsp;Kanda,&nbsp;West Rand Health District \/ University of South Africa,&nbsp;South Africa<br \/>\nMeral At\u0131c\u0131,&nbsp;\u00c7ukurova University,&nbsp;Turkey<br \/>\nMichael&nbsp;Zeiler,&nbsp;Medical University of Vienna,&nbsp;Austria<br \/>\nMiroslava Bozog\u00e1\u0148ov\u00e1,&nbsp;Centre of Social and Psychological Sciences, Slovak Academy of Sciences,&nbsp;Slovakia<br \/>\nMiroslava K\u00f6verov\u00e1,&nbsp;Pavol Jozef \u0160af\u00e1rik University in Ko\u0161ice,&nbsp;Slovakia<br \/>\nMojca Juri\u0161evi\u010d,&nbsp;University of Ljubljana, Faculty of Education,&nbsp;Slovenia<br \/>\nNadia&nbsp;Mateeva,&nbsp;Bulgarian Academy of Sciences,&nbsp;Bulgaria<br \/>\nNahal&nbsp;Salimi,&nbsp;Northern Illinois University,&nbsp;USA<br \/>\nNeala Ambrosi-Randi\u0107,&nbsp;Juraj Dobrila University of Pula,&nbsp;Croatia<br \/>\nNuria&nbsp;Carriedo,&nbsp;UNED &#8211; Universidad Nacional de Educaci\u00f3n a Distancia,&nbsp;Spain<br \/>\nOana D\u0103nil\u0103,&nbsp;Alexandru Ioan Cuza University, Iasi,&nbsp;Romania<br \/>\nOlesya&nbsp;Volkova,&nbsp;Krasnoyarsk State Medical University,&nbsp;Russia<br \/>\nOlga&nbsp;Deyneka,&nbsp;St. Petersburg State University,&nbsp;Russia<br \/>\nOlga Orosov\u00e1,&nbsp;Pavol Jozef \u0160af\u00e1rik University in Ko\u0161ice,&nbsp;Slovakia<br \/>\nOlga&nbsp;Tararukhina,&nbsp;The Chicago School of Professional Psychology,&nbsp;USA<br \/>\nOmar&nbsp;Rahman,&nbsp;University of South Florida,&nbsp;USA<br \/>\nOtilia&nbsp;Clipa,&nbsp;Stefan cel Mare University,&nbsp;Romania<br \/>\nPaolo&nbsp;Valerio,&nbsp;Naples University Federico II,&nbsp;Italy<br \/>\nP\u00e1raic Scanlon,&nbsp;Birmingham City University,&nbsp;United Kingdom<br \/>\nPatrizia&nbsp;Meringolo,&nbsp;Universit\u00e0 degli Studi di Firenzi,&nbsp;Italy<br \/>\nPlamen&nbsp;Dimitrov,&nbsp;PsyNet &#8211; Professional Network of Psychologists in Private Practice,&nbsp;Bulgaria<br \/>\nRegina&nbsp;Fern\u00e1ndez Morales,&nbsp;Universidad Rafael Landivar,&nbsp;Guatemala<br \/>\nReinhold&nbsp;Viehoff,&nbsp;Martin Luther University,&nbsp;Germany<br \/>\nRoxana-Maria&nbsp;Ghia\u021b\u0103u,&nbsp;Alexandru Ioan Cuza University, Iasi,&nbsp;Romania<br \/>\nSaeed&nbsp;Ahmed,&nbsp;Rutland Regional Medical Center,&nbsp;USA<br \/>\nSam&nbsp;Vaknin,&nbsp;Southern Federal University \/ CIAPS &#8211; Centre for International Advanced and Professional Studies,&nbsp;Russia<br \/>\nSharo (Shahrokh)&nbsp;Shafaie,&nbsp;Southeast Missouri State University,&nbsp;USA<br \/>\nShulamith&nbsp;Kreitler,&nbsp;Tel-Aviv University,&nbsp;Israel<br \/>\nSilvia&nbsp;Cimino,&nbsp;Sapienza University of Rome,&nbsp;Italy<br \/>\nSne\u017eana Stojiljkovi\u0107,&nbsp;University of Ni\u0161,&nbsp;Serbia<br \/>\nSonia&nbsp;Grubits,&nbsp;Dom Bosco Catholic University,&nbsp;Brazil<br \/>\nSonya&nbsp;Yakimova,&nbsp;APSH34\/University Paul Valery,&nbsp;France<br \/>\nSuppiah&nbsp;Nachiappan,&nbsp;Sultan Idris Education University,&nbsp;Malaysia<br \/>\nSuzie&nbsp;Savvidou,&nbsp;The University of Sheffield International Faculty, CITY College,&nbsp;Greece<br \/>\nTatiana&nbsp;Martsinkovskaya,&nbsp;Russian State University,&nbsp;Russia<br \/>\nVeena&nbsp;Easvaradoss,&nbsp;Women&#8217;s Christian College, Chennai,&nbsp;India<br \/>\nVictor&nbsp;Martinelli,&nbsp;University of Malta,&nbsp;Malta<br \/>\nVildan&nbsp;Mevsim,&nbsp;Dokuz Eylul University,&nbsp;Turkey<br \/>\nVittore&nbsp;Perruci,&nbsp;Universit\u00e0 della Valle d&#8217;Aosta,&nbsp;Italy<br \/>\nVladislav&nbsp;Dominiak,&nbsp;Saint-Petersburg State University,&nbsp;Russia<br \/>\nWerner&nbsp;Leitner,&nbsp;IB Hochschule,&nbsp;Germany<br \/>\nYoshitaka&nbsp;Yamazaki,&nbsp;Bunkyo University,&nbsp;Japan<\/p>\n","protected":false},"excerpt":{"rendered":"<p>&nbsp; Conference and Program Co-Chairs Clara Pracana Full and Training member of the Portuguese Association of Psychoanalysis and Psychoanalytic Psychotherapy, Portugal Michael Wang Emeritus Professor of Clinical Psychology, University of Leicester, United Kingdom &nbsp; International Scientific Committee Abdulqawi Salim&nbsp;Alzubaidi,&nbsp;Sanaa University,&nbsp;Yemen Ac\u00e1cia&nbsp;Santos,&nbsp;S\u00e3o Francisco University,&nbsp;Brazil Adam&nbsp;Lewin,&nbsp;University of South Florida,&nbsp;USA Adilia&nbsp;Silva,&nbsp;Independent Researcher\/Clinician,&nbsp;South Africa Adriana&nbsp;Baban,&nbsp;Babes-Bolyai University,&nbsp;Romania Alexia&nbsp;Carrizales,&nbsp;University of Franche-Comt\u00e9,&nbsp;France [&hellip;]<\/p>\n","protected":false},"author":1,"featured_media":0,"parent":0,"menu_order":0,"comment_status":"closed","ping_status":"open","template":"","meta":{"jetpack_post_was_ever_published":false,"footnotes":""},"class_list":["post-24","page","type-page","status-publish","hentry"],"jetpack_sharing_enabled":true,"jetpack_shortlink":"https:\/\/wp.me\/PclTal-o","jetpack_likes_enabled":true,"jetpack-related-posts":[],"_links":{"self":[{"href":"https:\/\/inpact-psychologyconference.org\/2021\/wp-json\/wp\/v2\/pages\/24","targetHints":{"allow":["GET"]}}],"collection":[{"href":"https:\/\/inpact-psychologyconference.org\/2021\/wp-json\/wp\/v2\/pages"}],"about":[{"href":"https:\/\/inpact-psychologyconference.org\/2021\/wp-json\/wp\/v2\/types\/page"}],"author":[{"embeddable":true,"href":"https:\/\/inpact-psychologyconference.org\/2021\/wp-json\/wp\/v2\/users\/1"}],"replies":[{"embeddable":true,"href":"https:\/\/inpact-psychologyconference.org\/2021\/wp-json\/wp\/v2\/comments?post=24"}],"version-history":[{"count":214,"href":"https:\/\/inpact-psychologyconference.org\/2021\/wp-json\/wp\/v2\/pages\/24\/revisions"}],"predecessor-version":[{"id":5944,"href":"https:\/\/inpact-psychologyconference.org\/2021\/wp-json\/wp\/v2\/pages\/24\/revisions\/5944"}],"wp:attachment":[{"href":"https:\/\/inpact-psychologyconference.org\/2021\/wp-json\/wp\/v2\/media?parent=24"}],"curies":[{"name":"wp","href":"https:\/\/api.w.org\/{rel}","templated":true}]}}