{"id":24,"date":"2014-04-09T17:07:20","date_gmt":"2014-04-09T17:07:20","guid":{"rendered":"http:\/\/inpact-psychologyconference.org\/?page_id=24"},"modified":"2023-02-13T16:44:43","modified_gmt":"2023-02-13T16:44:43","slug":"scientific-committee","status":"publish","type":"page","link":"https:\/\/inpact-psychologyconference.org\/2023\/scientific-committee\/","title":{"rendered":"Scientific Committee"},"content":{"rendered":"<p style=\"text-align: justify;\"><span style=\"color: #ff6600;\"><strong>Conference and Program Co-Chairs<\/strong><\/span><\/p>\n<p style=\"text-align: justify;\"><strong>Clara Pracana<\/strong><br \/>\n<em>Full and Training member of the Portuguese Association of Psychoanalysis and Psychoanalytic Psychotherapy, Portugal<\/em><\/p>\n<p style=\"text-align: justify;\"><strong>Michael Wang<\/strong><br \/>\n<em>Emeritus Professor of Clinical Psychology, University of Leicester, United Kingdom<\/em><\/p>\n<p style=\"text-align: justify;\"><span style=\"color: #ff6600;\"><strong>International Scientific Committee<\/strong><\/span><\/p>\n<p>Abdulqawi Salim\u00a0Alzubaidi,\u00a0Sanaa University,\u00a0Yemen<br \/>\nAdilia\u00a0Silva,\u00a0Independent Researcher\/Clinician,\u00a0South Africa<br \/>\nAleksandra Hui\u0107,\u00a0University of Zagreb,\u00a0Croatia<br \/>\nAlessio Tesi, Pise University, Italy<br \/>\nAlexandra\u00a0Maftei,\u00a0Alexandru Ioan Cuza University of Ia\u015fi,\u00a0Romania<br \/>\nAlexia Carrizales, University Of Franche-Comt\u00e9, France<br \/>\nAli Kemal Tekin, Western Norway University, Norway<br \/>\nAna\u00a0Kozina,\u00a0Educational Research Institute,\u00a0Slovenia<br \/>\nAneta\u00a0Pasternak,\u00a0Warsaw Management University,\u00a0Poland<br \/>\nAnna\u00a0Alexandrova-Karamanova,\u00a0Institute for Population and Human Studies &#8211; BAS,\u00a0Bulgaria<br \/>\nAnna\u00a0Janovsk\u00e1,\u00a0Pavol Jozef \u0160af\u00e1rik University in Ko\u0161ice,\u00a0Slovakia<br \/>\nAnne-Marie\u00a0\u00c9mond,\u00a0Universit\u00e9 de Montr\u00e9al,\u00a0Canada<br \/>\nAnthony\u00a0Gifford,\u00a0Nottingham Trent University,\u00a0United Kingdom<br \/>\nArt\u00a0Blume,\u00a0Washington State University,\u00a0USA<br \/>\nAtmane\u00a0Ikhlef,\u00a0Independent Consultant\/ Researcher,\u00a0Algeria<br \/>\nAudrey\u00a0Moco,\u00a0University of Nice Cote D&#8217;azur,\u00a0France<br \/>\nAuks\u0117 Endriulaitien\u0117,\u00a0Vytautas Magnus University,\u00a0Lithuania<br \/>\nBe\u00e1ta\u00a0R\u00e1czov\u00e1,\u00a0Pavol Jozef \u0160af\u00e1rik University in Ko\u0161ice,\u00a0Slovakia<br \/>\nBeatriz\u00a0Delgado Domenech,\u00a0University of Alicante,\u00a0Spain<br \/>\nBernard Gangloff, University of Rouen, France<br \/>\nBogus\u0142awa Lachowska, The John Paul II Catholic University of Lublin, Poland<br \/>\nCecile\u00a0Proctor,\u00a0University of New Brunswick,\u00a0Canada<br \/>\nCharles David\u00a0Tauber,\u00a0Coalition for Work With Psychotrauma and Peace (CWWPP),\u00a0Croatia<br \/>\nChase Staras, Nottingham Trent University, United Kingdom<br \/>\nOtilia Clipa, Stefan cel Mare University, Romania<br \/>\nColette Dufresne-Tass\u00e9,\u00a0Universit\u00e9 de Montr\u00e9al,\u00a0Canada<br \/>\nCynthia Pearson, University of Washington, USA<br \/>\nDan Stanescu, National University of Political Studies and Public Administration, Romania<br \/>\nDaniel\u00a0S\u00fcss,\u00a0Zurich University of Applied Sciences,\u00a0Switzerland<br \/>\nDanijela S. Petrovi\u0107, University of Belgrade, Faculty of Philosophy, Serbia<br \/>\nDavid Aparisi, Universidad de Alicante, Spain<br \/>\nDominika Ochnik, Faculty of Medicine, University of Technology, Katowice, Poland<br \/>\nDora Dodig Hundri\u0107,\u00a0University of Zagreb,\u00a0Croatia<br \/>\nDragana Stanojevi\u0107, University of Pri\u0161tina in Kosovska Mitrovica, Serbia<br \/>\nEderaldo J.\u00a0Lopes,\u00a0Federal University of Uberl\u00e2ndia,\u00a0Brazil<br \/>\nEl\u00e7in Sakmar,\u00a0Yale University,\u00a0USA<br \/>\nElena\u00a0Lis\u00e1,\u00a0Comenius University in Bratislava,\u00a0Slovakia<br \/>\nElena\u00a0Lyakso,\u00a0Saint-Petersburg State University,\u00a0Russia<br \/>\nElena Molchanova, American University of Central Asia, Kyrgyzstan<br \/>\nEleni\u00a0Petkari,\u00a0Universidad Internacional de la Rioja,\u00a0Spain<br \/>\nElenita M.\u00a0Tiamzon,\u00a0World Citi Colleges,\u00a0Philippines<br \/>\nEmel Kuruo\u011flu,\u00a0Dokuz Eylul University,\u00a0Turkey<br \/>\nEmerson\u00a0Rasera,\u00a0Federal University of Uberlandia,\u00a0Brazil<br \/>\nFotios\u00a0Anagnostopoulos,\u00a0Panteion University of Social &amp; Political Sciences,\u00a0Greece<br \/>\nGabija Jara\u0161i\u016bnait\u0117-Fedosejeva,\u00a0Vytautas Magnus University,\u00a0Lithuania<br \/>\nGandharva\u00a0Joshi,\u00a0Saurashtra University,\u00a0India<br \/>\nGetrude Ah Gang, University Malaysia Sabah, Malaysia<br \/>\nGordana Jovanovi\u0107, University of Belgrade, Serbia<br \/>\nGrzegorz\u00a0Pochwatko,\u00a0Polish Academy of Sciences,\u00a0Poland<br \/>\nGuillaume\u00a0Souesme,\u00a0University of Tours,\u00a0France<br \/>\nInga\u00a0Korotkova,\u00a0Saint Petersburg State University,\u00a0Russia<br \/>\nIsabella Corradini, Themis Research Centre, Italy<br \/>\nJakob\u00a0Pietschnig,\u00a0University of Vienna,\u00a0Austria<br \/>\nJana\u00a0Schr\u00f6tter,\u00a0Pavol Jozef \u0160af\u00e1rik University in Ko\u0161ice,\u00a0Slovakia<br \/>\nJelena Opsenica Kosti\u0107,\u00a0University of Ni\u0161,\u00a0Serbia<br \/>\nJelisaveta Todorovi\u0107, University of Ni\u0161, Serbia<br \/>\nJimmy Bordarie, University of Tours, France<br \/>\nKaren\u00a0Schmaling,\u00a0Washington State University,\u00a0USA<br \/>\nKatarzyna\u00a0Adamczyk,\u00a0Adam Mickiewicz University in Poznan,\u00a0Poland<br \/>\nKatherine\u00a0Makarec,\u00a0William Paterson University,\u00a0USA<br \/>\nKristi\u00a0K\u00f5iv,\u00a0University of Tartu,\u00a0Estonia<br \/>\nKristina Ran\u0111elovi\u0107, University of Nis, Serbia<br \/>\nKyle A. Msall, Zayed University, United Arab Emirates<br \/>\nLada Kalisk\u00e1, Matej Bel University, Slovakia<br \/>\nLana Jur\u010dec, University of Zagreb, Croatia<br \/>\nLaura Furcsa, Budapest Business School &#8211; University of Applied Sciences, Hungary<br \/>\nLiliana\u00a0Mata,\u00a0\u201dVasile Alecsandri&#8221; University of Bacau,\u00a0Romania<br \/>\nLilly\u00a0Both,\u00a0University of New Brunswick in Saint John,\u00a0Canada<br \/>\nLisa\u00a0Best,\u00a0University of New Brunswick,\u00a0Canada<br \/>\nLoreta Buk\u0161nyt\u0117-Marmien\u0117,\u00a0Vytautas Magnus University,\u00a0Lithuania<br \/>\nMagdalena Poraj-Weder, The Maria Grzegorzewska University, Poland<br \/>\nMahwesh Arooj Naz, Government College University, Lahore, Pakistan<br \/>\nMandy\u00a0Rossignol,\u00a0University of Mons,\u00a0Belgium<br \/>\nMarcelo F.\u00a0Costa,\u00a0University of S\u00e3o Paulo,\u00a0Brazil<br \/>\nMarcia Schmidt,\u00a0Institute of Cardiology \/ University Foundation of Cardiology (IC\/FUC),\u00a0Brazil<br \/>\nMarco\u00a0Vassallo,\u00a0Council for Agricultural Research and Economics (CREA),\u00a0Italy<br \/>\nMargit H\u00f6fler,\u00a0Danube University Krems,\u00a0Austria<br \/>\nMaria\u00a0Iakovleva,\u00a0Saint Petersburg State University,\u00a0Russia<br \/>\nMarija Peji\u010di\u0107,\u00a0University of Ni\u0161,\u00a0Serbia<br \/>\nMarina Bardyshevskaya, Lomonosov Moscow State University, Russia<br \/>\nMeba Alphonse\u00a0Kanda,\u00a0West Rand Health District \/ University of South Africa,\u00a0South Africa<br \/>\nM\u00e9lany\u00a0Payoux,\u00a0University of Nantes,\u00a0France<br \/>\nMeral At\u0131c\u0131, \u00c7ukurova University, Turkey<br \/>\nMeyran Boniel-Nissim, The Max Stern Academic College of Emek Yezreel, Israel<br \/>\nMichael\u00a0Zeiler,\u00a0Medical University of Vienna,\u00a0Austria<br \/>\nMilica Risti\u0107, University of Ni\u0161, Serbia<br \/>\nMiljana Pavi\u0107evi\u0107, University of Pri\u0161tina in Kosovska Mitrovica, Serbia<br \/>\nMiroslava Bozog\u00e1\u0148ov\u00e1,\u00a0Centre of Social and Psychological Sciences, Slovak Academy of Sciences, Slovakia<br \/>\nMiroslava K\u00f6verov\u00e1,\u00a0Pavol Jozef \u0160af\u00e1rik University in Ko\u0161ice,\u00a0Slovakia<br \/>\nMojca Juri\u0161evi\u010d,\u00a0University of Ljubljana,\u00a0Slovenia<br \/>\nNadia\u00a0Mateeva,\u00a0Bulgarian Academy of Sciences,\u00a0Bulgaria<br \/>\nNahal\u00a0Salimi,\u00a0Northern Illinois University,\u00a0USA<br \/>\nNeala Ambrosi-Randi\u0107,\u00a0Juraj Dobrila University of Pula,\u00a0Croatia<br \/>\nNeven Ricija\u0161,\u00a0University of Zagreb,\u00a0Croatia<br \/>\nNoam\u00a0Weinbach,\u00a0University of Haifa,\u00a0Israel<br \/>\nNoreena Kausar, Gujrat University, Pakistan<br \/>\nOana D\u0103nil\u0103,\u00a0Alexandru Ioan Cuza University, Iasi,\u00a0Romania<br \/>\nOlesya\u00a0Volkova,\u00a0Krasnoyarsk State Medical University,\u00a0Russia<br \/>\nOlga\u00a0Deyneka,\u00a0St. Petersburg State University,\u00a0Russia<br \/>\nOlga\u00a0Orosov\u00e1,\u00a0Pavol Jozef \u0160af\u00e1rik University in Ko\u0161ice,\u00a0Slovakia<br \/>\nOlivera Radovi\u0107, University of Pri\u0161tina in Kosovska Mitrovica, Serbia<br \/>\nPaolo\u00a0Valerio,\u00a0Naples University Federico II,\u00a0Italy<br \/>\nP\u00e1raic Scanlon,\u00a0Birmingham City University,\u00a0United Kingdom<br \/>\nPatrizia Meringolo, Universit\u00e0 degli Studi di Firenze, Italy<br \/>\nRadim\u00a0Bado\u0161ek,\u00a0University of Ostrava,\u00a0Czech Republic<br \/>\nRegina\u00a0Fern\u00e1ndez Morales,\u00a0Universidad Francisco Maroqu\u00edn,\u00a0Guatemala<br \/>\nRemo\u00a0Job,\u00a0University of Trento,\u00a0Italy<br \/>\nRoxana-Maria\u00a0Ghia\u021b\u0103u,\u00a0Alexandru Ioan Cuza University, Iasi,\u00a0Romania<br \/>\nSaima Dawood, University of the Punjab, Pakistan<br \/>\nSandra\u00a0Zakowski,\u00a0National Louis University,\u00a0USA<br \/>\nSema\u00a0Karakelle,\u00a0Istanbul University,\u00a0Turkey<br \/>\nSharo (Shahrokh) Shafaie, Southeast Missouri State University, USA<br \/>\nShulamith Kreitler, Tel-Aviv University, Israel<br \/>\nSne\u017eana Stojiljkovi\u0107, University of Ni\u0161, Serbia<br \/>\nSonya Yakimova, APSH34\/University of Tours\/Aix-Marseille University, France<br \/>\nSuppiah\u00a0Nachiappan,\u00a0Sultan Idris Education University,\u00a0Malaysia<br \/>\nTajana\u00a0Ljubin Golub,\u00a0University of Zagreb,\u00a0Croatia<br \/>\nTatiana Peth\u00f6, Institute of Social Sciences CSPS SAV, Slovakia<br \/>\nTereza Kimplov\u00e1,\u00a0University of Ostrava,\u00a0Czech Republic<br \/>\nVictor\u00a0Martinelli,\u00a0University of Malta,\u00a0Malta<br \/>\nVildan Mevsim, Dokuz Eylul University, Turkey<br \/>\nVittore\u00a0Perruci,\u00a0Universit\u00e0 Della Valle D&#8217;aosta,\u00a0Italy<br \/>\nWerner\u00a0Leitner,\u00a0IB Hochschule,\u00a0Germany<br \/>\nWouter\u00a0Vanderplasschen,\u00a0Ghent University,\u00a0Belgium<br \/>\nYoshitaka\u00a0Yamazaki,\u00a0Bunkyo University,\u00a0Japan<br \/>\nZvjezdan Penezi\u0107,\u00a0University of Zadar,\u00a0Croatia<\/p>\n","protected":false},"excerpt":{"rendered":"<p>Conference and Program Co-Chairs Clara Pracana Full and Training member of the Portuguese Association of Psychoanalysis and Psychoanalytic Psychotherapy, Portugal Michael Wang Emeritus Professor of Clinical Psychology, University of Leicester, United Kingdom International Scientific Committee Abdulqawi Salim\u00a0Alzubaidi,\u00a0Sanaa University,\u00a0Yemen Adilia\u00a0Silva,\u00a0Independent Researcher\/Clinician,\u00a0South Africa Aleksandra Hui\u0107,\u00a0University of Zagreb,\u00a0Croatia Alessio Tesi, Pise University, Italy Alexandra\u00a0Maftei,\u00a0Alexandru Ioan Cuza University of [&hellip;]<\/p>\n","protected":false},"author":1,"featured_media":0,"parent":0,"menu_order":0,"comment_status":"closed","ping_status":"open","template":"","meta":{"jetpack_post_was_ever_published":false,"footnotes":""},"class_list":["post-24","page","type-page","status-publish","hentry"],"jetpack_sharing_enabled":true,"jetpack_shortlink":"https:\/\/wp.me\/Pf5JY1-o","jetpack_likes_enabled":true,"jetpack-related-posts":[],"_links":{"self":[{"href":"https:\/\/inpact-psychologyconference.org\/2023\/wp-json\/wp\/v2\/pages\/24","targetHints":{"allow":["GET"]}}],"collection":[{"href":"https:\/\/inpact-psychologyconference.org\/2023\/wp-json\/wp\/v2\/pages"}],"about":[{"href":"https:\/\/inpact-psychologyconference.org\/2023\/wp-json\/wp\/v2\/types\/page"}],"author":[{"embeddable":true,"href":"https:\/\/inpact-psychologyconference.org\/2023\/wp-json\/wp\/v2\/users\/1"}],"replies":[{"embeddable":true,"href":"https:\/\/inpact-psychologyconference.org\/2023\/wp-json\/wp\/v2\/comments?post=24"}],"version-history":[{"count":270,"href":"https:\/\/inpact-psychologyconference.org\/2023\/wp-json\/wp\/v2\/pages\/24\/revisions"}],"predecessor-version":[{"id":19754,"href":"https:\/\/inpact-psychologyconference.org\/2023\/wp-json\/wp\/v2\/pages\/24\/revisions\/19754"}],"wp:attachment":[{"href":"https:\/\/inpact-psychologyconference.org\/2023\/wp-json\/wp\/v2\/media?parent=24"}],"curies":[{"name":"wp","href":"https:\/\/api.w.org\/{rel}","templated":true}]}}